{"id":1384,"date":"2021-12-11T16:54:02","date_gmt":"2021-12-11T16:54:02","guid":{"rendered":"https:\/\/anabelarocha.online\/?page_id=1384"},"modified":"2021-12-11T17:03:51","modified_gmt":"2021-12-11T17:03:51","slug":"1384-2","status":"publish","type":"page","link":"https:\/\/anabelarocha.online\/?page_id=1384","title":{"rendered":""},"content":{"rendered":"\n<p>Solicito as seguintes informa\u00e7\u00f5es \u00e0 C\u00e2mara Municipal:<\/p>\n\n\n\n<ul class=\"wp-block-list\"><li>relat\u00f3rio anual da coordena\u00e7\u00e3o do Projecto Municipal do PDM dos \u00faltimos 10 anos.<\/li><li>evolu\u00e7\u00e3o cronol\u00f3gica do di\u00e1logo com a APA relativo \u00e0 delimita\u00e7\u00e3o REN no concelho nos \u00faltimos 10 anos, \u00faltima proposta da C\u00e2mara e eventuais respostas da APA<\/li><li>quais os elementos em falta para que se possa concluir a revis\u00e3o do PDM?<\/li><li>a C\u00e2mara considera prov\u00e1vel cumprir o prazo limite de 31 de Mar\u00e7o de 2022 (Dec-Lei 25\/2021) para ter o processo de revis\u00e3o em instru\u00e7\u00e3o?<\/li><\/ul>\n","protected":false},"excerpt":{"rendered":"<p>Solicito as seguintes informa\u00e7\u00f5es \u00e0 C\u00e2mara Municipal: relat\u00f3rio anual da coordena\u00e7\u00e3o do Projecto Municipal do PDM dos \u00faltimos 10 anos. evolu\u00e7\u00e3o cronol\u00f3gica do di\u00e1logo com a APA relativo \u00e0 delimita\u00e7\u00e3o REN no concelho nos \u00faltimos 10 anos, \u00faltima proposta da C\u00e2mara e eventuais respostas da APA quais os elementos em falta para que se possa &hellip;<\/p>\n<p class=\"read-more\"> <a class=\"\" href=\"https:\/\/anabelarocha.online\/?page_id=1384\">  Read More &raquo;<\/a><\/p>\n","protected":false},"author":1,"featured_media":0,"parent":0,"menu_order":0,"comment_status":"closed","ping_status":"closed","template":"","meta":{"om_disable_all_campaigns":false,"_monsterinsights_skip_tracking":false,"_monsterinsights_sitenote_active":false,"_monsterinsights_sitenote_note":"","_monsterinsights_sitenote_category":0,"footnotes":""},"class_list":["post-1384","page","type-page","status-publish","hentry"],"_links":{"self":[{"href":"https:\/\/anabelarocha.online\/index.php?rest_route=\/wp\/v2\/pages\/1384","targetHints":{"allow":["GET"]}}],"collection":[{"href":"https:\/\/anabelarocha.online\/index.php?rest_route=\/wp\/v2\/pages"}],"about":[{"href":"https:\/\/anabelarocha.online\/index.php?rest_route=\/wp\/v2\/types\/page"}],"author":[{"embeddable":true,"href":"https:\/\/anabelarocha.online\/index.php?rest_route=\/wp\/v2\/users\/1"}],"replies":[{"embeddable":true,"href":"https:\/\/anabelarocha.online\/index.php?rest_route=%2Fwp%2Fv2%2Fcomments&post=1384"}],"version-history":[{"count":1,"href":"https:\/\/anabelarocha.online\/index.php?rest_route=\/wp\/v2\/pages\/1384\/revisions"}],"predecessor-version":[{"id":1385,"href":"https:\/\/anabelarocha.online\/index.php?rest_route=\/wp\/v2\/pages\/1384\/revisions\/1385"}],"wp:attachment":[{"href":"https:\/\/anabelarocha.online\/index.php?rest_route=%2Fwp%2Fv2%2Fmedia&parent=1384"}],"curies":[{"name":"wp","href":"https:\/\/api.w.org\/{rel}","templated":true}]}}