{"id":1377,"date":"2021-12-11T16:50:51","date_gmt":"2021-12-11T16:50:51","guid":{"rendered":"https:\/\/anabelarocha.online\/?page_id=1377"},"modified":"2021-12-11T17:03:19","modified_gmt":"2021-12-11T17:03:19","slug":"1377-2","status":"publish","type":"page","link":"https:\/\/anabelarocha.online\/?page_id=1377","title":{"rendered":""},"content":{"rendered":"\n<p>Solicito as seguintes informa\u00e7\u00f5es \u00e0 C\u00e2mara Municipal:<\/p>\n\n\n\n<ul class=\"wp-block-list\"><li>na reuni\u00e3o de C\u00e2mara de 30 de Abril de 2021 o Sr. Presidente da C\u00e2mara mencionou uma reuni\u00e3o com o Conselho Preven\u00e7\u00e3o da Corrup\u00e7\u00e3o, reuni\u00e3o que foi de novo mencionada na \u00faltima reuni\u00e3o da Assembleia Municipal. Solicito a acta dessa reuni\u00e3o e relat\u00f3rio dessa visita pedag\u00f3gica produzido pelo dito Conselho.<\/li><li>Relat\u00f3rios de todas as auditorias da Inspec\u00e7\u00e3o Geral de Finan\u00e7as desde 2007<\/li><\/ul>\n","protected":false},"excerpt":{"rendered":"<p>Solicito as seguintes informa\u00e7\u00f5es \u00e0 C\u00e2mara Municipal: na reuni\u00e3o de C\u00e2mara de 30 de Abril de 2021 o Sr. Presidente da C\u00e2mara mencionou uma reuni\u00e3o com o Conselho Preven\u00e7\u00e3o da Corrup\u00e7\u00e3o, reuni\u00e3o que foi de novo mencionada na \u00faltima reuni\u00e3o da Assembleia Municipal. Solicito a acta dessa reuni\u00e3o e relat\u00f3rio dessa visita pedag\u00f3gica produzido pelo &hellip;<\/p>\n<p class=\"read-more\"> <a class=\"\" href=\"https:\/\/anabelarocha.online\/?page_id=1377\">  Read More &raquo;<\/a><\/p>\n","protected":false},"author":1,"featured_media":0,"parent":0,"menu_order":0,"comment_status":"closed","ping_status":"closed","template":"","meta":{"om_disable_all_campaigns":false,"_monsterinsights_skip_tracking":false,"_monsterinsights_sitenote_active":false,"_monsterinsights_sitenote_note":"","_monsterinsights_sitenote_category":0,"footnotes":""},"class_list":["post-1377","page","type-page","status-publish","hentry"],"_links":{"self":[{"href":"https:\/\/anabelarocha.online\/index.php?rest_route=\/wp\/v2\/pages\/1377","targetHints":{"allow":["GET"]}}],"collection":[{"href":"https:\/\/anabelarocha.online\/index.php?rest_route=\/wp\/v2\/pages"}],"about":[{"href":"https:\/\/anabelarocha.online\/index.php?rest_route=\/wp\/v2\/types\/page"}],"author":[{"embeddable":true,"href":"https:\/\/anabelarocha.online\/index.php?rest_route=\/wp\/v2\/users\/1"}],"replies":[{"embeddable":true,"href":"https:\/\/anabelarocha.online\/index.php?rest_route=%2Fwp%2Fv2%2Fcomments&post=1377"}],"version-history":[{"count":1,"href":"https:\/\/anabelarocha.online\/index.php?rest_route=\/wp\/v2\/pages\/1377\/revisions"}],"predecessor-version":[{"id":1378,"href":"https:\/\/anabelarocha.online\/index.php?rest_route=\/wp\/v2\/pages\/1377\/revisions\/1378"}],"wp:attachment":[{"href":"https:\/\/anabelarocha.online\/index.php?rest_route=%2Fwp%2Fv2%2Fmedia&parent=1377"}],"curies":[{"name":"wp","href":"https:\/\/api.w.org\/{rel}","templated":true}]}}