{"id":1374,"date":"2021-12-11T16:49:33","date_gmt":"2021-12-11T16:49:33","guid":{"rendered":"https:\/\/anabelarocha.online\/?page_id=1374"},"modified":"2021-12-11T17:02:52","modified_gmt":"2021-12-11T17:02:52","slug":"1374-2","status":"publish","type":"page","link":"https:\/\/anabelarocha.online\/?page_id=1374","title":{"rendered":""},"content":{"rendered":"\n<p>Solicito as seguintes informa\u00e7\u00f5es \u00e0 C\u00e2mara Municipal<\/p>\n\n\n\n<ul class=\"wp-block-list\"><li>todas as actas do Conselho Coordenador da Avalia\u00e7\u00e3o ap\u00f3s rasura da identifica\u00e7\u00e3o de avaliadores e avaliados<\/li><li>relat\u00f3rios de actividade do departamento ou divis\u00e3o, planos de actividade do departamento ou divis\u00e3o e sua monitoriza\u00e7\u00e3o, ac\u00e7\u00f5es de melhoria propostas para o departamento ou divis\u00e3o, todos responsabilidade dos dirigentes directamente dependentes do executivo, tal como previsto no Art\u00ba 11\u00ba a), b) e d) do Despacho 175\/2019<\/li><\/ul>\n","protected":false},"excerpt":{"rendered":"<p>Solicito as seguintes informa\u00e7\u00f5es \u00e0 C\u00e2mara Municipal todas as actas do Conselho Coordenador da Avalia\u00e7\u00e3o ap\u00f3s rasura da identifica\u00e7\u00e3o de avaliadores e avaliados relat\u00f3rios de actividade do departamento ou divis\u00e3o, planos de actividade do departamento ou divis\u00e3o e sua monitoriza\u00e7\u00e3o, ac\u00e7\u00f5es de melhoria propostas para o departamento ou divis\u00e3o, todos responsabilidade dos dirigentes directamente dependentes &hellip;<\/p>\n<p class=\"read-more\"> <a class=\"\" href=\"https:\/\/anabelarocha.online\/?page_id=1374\">  Read More &raquo;<\/a><\/p>\n","protected":false},"author":1,"featured_media":0,"parent":0,"menu_order":0,"comment_status":"closed","ping_status":"closed","template":"","meta":{"om_disable_all_campaigns":false,"_monsterinsights_skip_tracking":false,"_monsterinsights_sitenote_active":false,"_monsterinsights_sitenote_note":"","_monsterinsights_sitenote_category":0,"footnotes":""},"class_list":["post-1374","page","type-page","status-publish","hentry"],"_links":{"self":[{"href":"https:\/\/anabelarocha.online\/index.php?rest_route=\/wp\/v2\/pages\/1374","targetHints":{"allow":["GET"]}}],"collection":[{"href":"https:\/\/anabelarocha.online\/index.php?rest_route=\/wp\/v2\/pages"}],"about":[{"href":"https:\/\/anabelarocha.online\/index.php?rest_route=\/wp\/v2\/types\/page"}],"author":[{"embeddable":true,"href":"https:\/\/anabelarocha.online\/index.php?rest_route=\/wp\/v2\/users\/1"}],"replies":[{"embeddable":true,"href":"https:\/\/anabelarocha.online\/index.php?rest_route=%2Fwp%2Fv2%2Fcomments&post=1374"}],"version-history":[{"count":1,"href":"https:\/\/anabelarocha.online\/index.php?rest_route=\/wp\/v2\/pages\/1374\/revisions"}],"predecessor-version":[{"id":1375,"href":"https:\/\/anabelarocha.online\/index.php?rest_route=\/wp\/v2\/pages\/1374\/revisions\/1375"}],"wp:attachment":[{"href":"https:\/\/anabelarocha.online\/index.php?rest_route=%2Fwp%2Fv2%2Fmedia&parent=1374"}],"curies":[{"name":"wp","href":"https:\/\/api.w.org\/{rel}","templated":true}]}}