{"id":1371,"date":"2021-12-11T16:48:09","date_gmt":"2021-12-11T16:48:09","guid":{"rendered":"https:\/\/anabelarocha.online\/?page_id=1371"},"modified":"2021-12-11T17:02:28","modified_gmt":"2021-12-11T17:02:28","slug":"1371-2","status":"publish","type":"page","link":"https:\/\/anabelarocha.online\/?page_id=1371","title":{"rendered":""},"content":{"rendered":"\n<p>Solicito as seguintes informa\u00e7\u00f5es \u00e0 C\u00e2mara Municipal<\/p>\n\n\n\n<ul class=\"wp-block-list\"><li>relat\u00f3rios das auditorias APCER realizadas em 18 e 19 de Junho de 2009; 24 e 25 de Junho de 2010; 28,29 e 30 de Junho de 2011; 28 de Setembro de 2018<\/li><li>contratos dos diversos servi\u00e7os de auditoria e certifica\u00e7\u00e3o prestados pela APCER e raz\u00e3o pela qual nenhum se encontra no portal BASE<\/li><\/ul>\n","protected":false},"excerpt":{"rendered":"<p>Solicito as seguintes informa\u00e7\u00f5es \u00e0 C\u00e2mara Municipal relat\u00f3rios das auditorias APCER realizadas em 18 e 19 de Junho de 2009; 24 e 25 de Junho de 2010; 28,29 e 30 de Junho de 2011; 28 de Setembro de 2018 contratos dos diversos servi\u00e7os de auditoria e certifica\u00e7\u00e3o prestados pela APCER e raz\u00e3o pela qual nenhum &hellip;<\/p>\n<p class=\"read-more\"> <a class=\"\" href=\"https:\/\/anabelarocha.online\/?page_id=1371\">  Read More &raquo;<\/a><\/p>\n","protected":false},"author":1,"featured_media":0,"parent":0,"menu_order":0,"comment_status":"closed","ping_status":"closed","template":"","meta":{"om_disable_all_campaigns":false,"_monsterinsights_skip_tracking":false,"_monsterinsights_sitenote_active":false,"_monsterinsights_sitenote_note":"","_monsterinsights_sitenote_category":0,"footnotes":""},"class_list":["post-1371","page","type-page","status-publish","hentry"],"_links":{"self":[{"href":"https:\/\/anabelarocha.online\/index.php?rest_route=\/wp\/v2\/pages\/1371","targetHints":{"allow":["GET"]}}],"collection":[{"href":"https:\/\/anabelarocha.online\/index.php?rest_route=\/wp\/v2\/pages"}],"about":[{"href":"https:\/\/anabelarocha.online\/index.php?rest_route=\/wp\/v2\/types\/page"}],"author":[{"embeddable":true,"href":"https:\/\/anabelarocha.online\/index.php?rest_route=\/wp\/v2\/users\/1"}],"replies":[{"embeddable":true,"href":"https:\/\/anabelarocha.online\/index.php?rest_route=%2Fwp%2Fv2%2Fcomments&post=1371"}],"version-history":[{"count":1,"href":"https:\/\/anabelarocha.online\/index.php?rest_route=\/wp\/v2\/pages\/1371\/revisions"}],"predecessor-version":[{"id":1372,"href":"https:\/\/anabelarocha.online\/index.php?rest_route=\/wp\/v2\/pages\/1371\/revisions\/1372"}],"wp:attachment":[{"href":"https:\/\/anabelarocha.online\/index.php?rest_route=%2Fwp%2Fv2%2Fmedia&parent=1371"}],"curies":[{"name":"wp","href":"https:\/\/api.w.org\/{rel}","templated":true}]}}