{"id":1368,"date":"2021-12-11T16:46:48","date_gmt":"2021-12-11T16:46:48","guid":{"rendered":"https:\/\/anabelarocha.online\/?page_id=1368"},"modified":"2021-12-11T17:02:05","modified_gmt":"2021-12-11T17:02:05","slug":"1368-2","status":"publish","type":"page","link":"https:\/\/anabelarocha.online\/?page_id=1368","title":{"rendered":""},"content":{"rendered":"\n<p>Estranha-se a resist\u00eancia da C\u00e2mara Municipal em prestar todos os esclarecimentos solicitados visto que o interesse que esteve sempre em causa, quer como cidad\u00e3, ap\u00f3s ter sido alertada por outros mun\u00edcipes que tamb\u00e9m denunciaram, quer como deputada, \u00e9 a prossecu\u00e7\u00e3o do interesse p\u00fablico na figura do cumprimento das normas e regulamentos em equidade para todos. Relembro assim o ponto 6. do Art- 110\u00ba do Dec. Lei 17\/2001: &#8220;6 \u2014 Os direitos referidos nos n.os 1 e 3 [estado, andamento e consulta de processos] s\u00e3o extensivosa quaisquer pessoas que provem ter interesse leg\u00edtimono conhecimento dos elementos que pretendem e ainda,para defesa de interesses difusos definidos na lei, quaisquercidad\u00e3os no gozo dos seus direitos civis e pol\u00edticose as associa\u00e7\u00f5es e funda\u00e7\u00f5es defensoras de tais interesses.&#8221;, referindo o ponto 2. que o prazo de resposta da C\u00e2mara s\u00e3o 15 dias, largamente ultrapassados neste caso.<br>Assim, solicito as seguintes informa\u00e7\u00f5es:<\/p>\n\n\n\n<ul class=\"wp-block-list\"><li>auto do&nbsp;embargo<\/li><li>qual a data da ordem de&nbsp;embargo?<\/li><li>que ordens foram emitidas no seguimento deste e com que prazo?<\/li><\/ul>\n","protected":false},"excerpt":{"rendered":"<p>Estranha-se a resist\u00eancia da C\u00e2mara Municipal em prestar todos os esclarecimentos solicitados visto que o interesse que esteve sempre em causa, quer como cidad\u00e3, ap\u00f3s ter sido alertada por outros mun\u00edcipes que tamb\u00e9m denunciaram, quer como deputada, \u00e9 a prossecu\u00e7\u00e3o do interesse p\u00fablico na figura do cumprimento das normas e regulamentos em equidade para todos. &hellip;<\/p>\n<p class=\"read-more\"> <a class=\"\" href=\"https:\/\/anabelarocha.online\/?page_id=1368\">  Read More &raquo;<\/a><\/p>\n","protected":false},"author":1,"featured_media":0,"parent":0,"menu_order":0,"comment_status":"closed","ping_status":"closed","template":"","meta":{"om_disable_all_campaigns":false,"_monsterinsights_skip_tracking":false,"_monsterinsights_sitenote_active":false,"_monsterinsights_sitenote_note":"","_monsterinsights_sitenote_category":0,"footnotes":""},"class_list":["post-1368","page","type-page","status-publish","hentry"],"_links":{"self":[{"href":"https:\/\/anabelarocha.online\/index.php?rest_route=\/wp\/v2\/pages\/1368","targetHints":{"allow":["GET"]}}],"collection":[{"href":"https:\/\/anabelarocha.online\/index.php?rest_route=\/wp\/v2\/pages"}],"about":[{"href":"https:\/\/anabelarocha.online\/index.php?rest_route=\/wp\/v2\/types\/page"}],"author":[{"embeddable":true,"href":"https:\/\/anabelarocha.online\/index.php?rest_route=\/wp\/v2\/users\/1"}],"replies":[{"embeddable":true,"href":"https:\/\/anabelarocha.online\/index.php?rest_route=%2Fwp%2Fv2%2Fcomments&post=1368"}],"version-history":[{"count":1,"href":"https:\/\/anabelarocha.online\/index.php?rest_route=\/wp\/v2\/pages\/1368\/revisions"}],"predecessor-version":[{"id":1369,"href":"https:\/\/anabelarocha.online\/index.php?rest_route=\/wp\/v2\/pages\/1368\/revisions\/1369"}],"wp:attachment":[{"href":"https:\/\/anabelarocha.online\/index.php?rest_route=%2Fwp%2Fv2%2Fmedia&parent=1368"}],"curies":[{"name":"wp","href":"https:\/\/api.w.org\/{rel}","templated":true}]}}