{"id":1364,"date":"2021-12-11T16:45:04","date_gmt":"2021-12-11T16:45:04","guid":{"rendered":"https:\/\/anabelarocha.online\/?page_id=1364"},"modified":"2021-12-11T17:01:40","modified_gmt":"2021-12-11T17:01:40","slug":"1364-2","status":"publish","type":"page","link":"https:\/\/anabelarocha.online\/?page_id=1364","title":{"rendered":""},"content":{"rendered":"\n<p>Uma vez que esta Comiss\u00e3o tomar\u00e1 posse j\u00e1 hoje solicito que seja convocada para responder pelas suas actividades no cumprimento do art\u00ba3\u00ba 6\u00ba a) do Regimento:&nbsp;Convocar o secretariado executivo metropolitano e nos termos da presente lei, com o limite de duas vezes por ano, para responder perante os seus membros pelas atividades desenvolvidas no \u00e2mbito da \u00e1rea metropolitana de Lisboa.<\/p>\n","protected":false},"excerpt":{"rendered":"<p>Uma vez que esta Comiss\u00e3o tomar\u00e1 posse j\u00e1 hoje solicito que seja convocada para responder pelas suas actividades no cumprimento do art\u00ba3\u00ba 6\u00ba a) do Regimento:&nbsp;Convocar o secretariado executivo metropolitano e nos termos da presente lei, com o limite de duas vezes por ano, para responder perante os seus membros pelas atividades desenvolvidas no \u00e2mbito &hellip;<\/p>\n<p class=\"read-more\"> <a class=\"\" href=\"https:\/\/anabelarocha.online\/?page_id=1364\">  Read More &raquo;<\/a><\/p>\n","protected":false},"author":1,"featured_media":0,"parent":0,"menu_order":0,"comment_status":"closed","ping_status":"closed","template":"","meta":{"om_disable_all_campaigns":false,"_monsterinsights_skip_tracking":false,"_monsterinsights_sitenote_active":false,"_monsterinsights_sitenote_note":"","_monsterinsights_sitenote_category":0,"footnotes":""},"class_list":["post-1364","page","type-page","status-publish","hentry"],"_links":{"self":[{"href":"https:\/\/anabelarocha.online\/index.php?rest_route=\/wp\/v2\/pages\/1364","targetHints":{"allow":["GET"]}}],"collection":[{"href":"https:\/\/anabelarocha.online\/index.php?rest_route=\/wp\/v2\/pages"}],"about":[{"href":"https:\/\/anabelarocha.online\/index.php?rest_route=\/wp\/v2\/types\/page"}],"author":[{"embeddable":true,"href":"https:\/\/anabelarocha.online\/index.php?rest_route=\/wp\/v2\/users\/1"}],"replies":[{"embeddable":true,"href":"https:\/\/anabelarocha.online\/index.php?rest_route=%2Fwp%2Fv2%2Fcomments&post=1364"}],"version-history":[{"count":2,"href":"https:\/\/anabelarocha.online\/index.php?rest_route=\/wp\/v2\/pages\/1364\/revisions"}],"predecessor-version":[{"id":1392,"href":"https:\/\/anabelarocha.online\/index.php?rest_route=\/wp\/v2\/pages\/1364\/revisions\/1392"}],"wp:attachment":[{"href":"https:\/\/anabelarocha.online\/index.php?rest_route=%2Fwp%2Fv2%2Fmedia&parent=1364"}],"curies":[{"name":"wp","href":"https:\/\/api.w.org\/{rel}","templated":true}]}}