{"id":1361,"date":"2021-12-11T16:42:53","date_gmt":"2021-12-11T16:42:53","guid":{"rendered":"https:\/\/anabelarocha.online\/?page_id=1361"},"modified":"2021-12-11T17:04:34","modified_gmt":"2021-12-11T17:04:34","slug":"1361-2","status":"publish","type":"page","link":"https:\/\/anabelarocha.online\/?page_id=1361","title":{"rendered":""},"content":{"rendered":"\n<p>25-11-21: Solicito o envio da seguinte informa\u00e7\u00e3o ao Sr. Presidente da C\u00e2mara Municipal<br>Sobre a eventual necessidade de aprovar uma proposta de or\u00e7amento para 2022 a correr, que foi mencionada algumas vezes, relembro o seguinte:<\/p>\n\n\n\n<p>Lei 75\/2013<\/p>\n\n\n\n<p>Artigo 45.\u00ba<\/p>\n\n\n\n<p>Calend\u00e1rio or\u00e7amental<\/p>\n\n\n\n<p>1 &#8211; Sem preju\u00edzo do disposto no n\u00famero seguinte, o \u00f3rg\u00e3o executivo apresenta ao \u00f3rg\u00e3o deliberativo, at\u00e9 31 de outubro de cada ano, a proposta de or\u00e7amento municipal para o ano econ\u00f3mico seguinte.2 &#8211; Nos casos em que as elei\u00e7\u00f5es para o \u00f3rg\u00e3o executivo municipal ocorram entre 30 de julho e 15 de dezembro, a proposta de or\u00e7amento municipal para o ano econ\u00f3mico seguinte \u00e9 apresentada no prazo de tr\u00eas meses a contar da data da respetiva tomada de posse.<\/p>\n\n\n\n<p>Portanto a proposta do or\u00e7amento pode chegar \u00e0 Assembleia Municipal at\u00e9 dia 18 de Janeiro e ser deliberada na reuni\u00e3o ordin\u00e1ria de Fevereiro da Assembleia Municipal.<\/p>\n\n\n\n<p><\/p>\n\n\n\n<p>27-11-21: <\/p>\n\n\n\n<p>Exmos. Srs. L\u00edderes dos Grupos Municipais<\/p>\n\n\n\n<p>Exmo. Sr. Presidente da Assembleia Municipal<\/p>\n\n\n\n<p><br>Re-encaminho informa\u00e7\u00e3o j\u00e1 enviada ao Sr. Presidente da Assembleia Municipal no sentido de alertar que n\u00e3o existe necessidade legal de realizar a reuni\u00e3o das GOPs em Dezembro, estando dispon\u00edvel um prazo muito mais alargado pelas elei\u00e7\u00f5es terem sido em Outubro. Solicito a Vossa reconsidera\u00e7\u00e3o da data em proposta, no meio das Festas, o que \u00e9 verdadeiramente in\u00e9dito e provavelmente perturbador da vida familiar de muitas pessoas, apesar de n\u00e3o ser ilegal.<\/p>\n","protected":false},"excerpt":{"rendered":"<p>25-11-21: Solicito o envio da seguinte informa\u00e7\u00e3o ao Sr. Presidente da C\u00e2mara MunicipalSobre a eventual necessidade de aprovar uma proposta de or\u00e7amento para 2022 a correr, que foi mencionada algumas vezes, relembro o seguinte: Lei 75\/2013 Artigo 45.\u00ba Calend\u00e1rio or\u00e7amental 1 &#8211; Sem preju\u00edzo do disposto no n\u00famero seguinte, o \u00f3rg\u00e3o executivo apresenta ao \u00f3rg\u00e3o &hellip;<\/p>\n<p class=\"read-more\"> <a class=\"\" href=\"https:\/\/anabelarocha.online\/?page_id=1361\">  Read More &raquo;<\/a><\/p>\n","protected":false},"author":1,"featured_media":0,"parent":0,"menu_order":0,"comment_status":"closed","ping_status":"closed","template":"","meta":{"om_disable_all_campaigns":false,"_monsterinsights_skip_tracking":false,"_monsterinsights_sitenote_active":false,"_monsterinsights_sitenote_note":"","_monsterinsights_sitenote_category":0,"footnotes":""},"class_list":["post-1361","page","type-page","status-publish","hentry"],"_links":{"self":[{"href":"https:\/\/anabelarocha.online\/index.php?rest_route=\/wp\/v2\/pages\/1361","targetHints":{"allow":["GET"]}}],"collection":[{"href":"https:\/\/anabelarocha.online\/index.php?rest_route=\/wp\/v2\/pages"}],"about":[{"href":"https:\/\/anabelarocha.online\/index.php?rest_route=\/wp\/v2\/types\/page"}],"author":[{"embeddable":true,"href":"https:\/\/anabelarocha.online\/index.php?rest_route=\/wp\/v2\/users\/1"}],"replies":[{"embeddable":true,"href":"https:\/\/anabelarocha.online\/index.php?rest_route=%2Fwp%2Fv2%2Fcomments&post=1361"}],"version-history":[{"count":1,"href":"https:\/\/anabelarocha.online\/index.php?rest_route=\/wp\/v2\/pages\/1361\/revisions"}],"predecessor-version":[{"id":1362,"href":"https:\/\/anabelarocha.online\/index.php?rest_route=\/wp\/v2\/pages\/1361\/revisions\/1362"}],"wp:attachment":[{"href":"https:\/\/anabelarocha.online\/index.php?rest_route=%2Fwp%2Fv2%2Fmedia&parent=1361"}],"curies":[{"name":"wp","href":"https:\/\/api.w.org\/{rel}","templated":true}]}}