{"id":1357,"date":"2021-12-11T16:35:51","date_gmt":"2021-12-11T16:35:51","guid":{"rendered":"https:\/\/anabelarocha.online\/?page_id=1357"},"modified":"2021-12-11T17:00:33","modified_gmt":"2021-12-11T17:00:33","slug":"solicito-que-seja-pedido-a-camara-municipal-o-contrato-de-servicos-com-a-spi-sociedade-portuguesa-de-inovacao-no-contexto-da-elaboracao-da-elh-e-que-seja-explicada-a-razao-pela-qual-apesar-de-se-en","status":"publish","type":"page","link":"https:\/\/anabelarocha.online\/?page_id=1357","title":{"rendered":""},"content":{"rendered":"\n<p>Solicito que seja pedido \u00e0 C\u00e2mara Municipal o contrato de servi\u00e7os com a SPI, Sociedade Portuguesa de Inova\u00e7\u00e3o, no contexto da elabora\u00e7\u00e3o da ELH e que seja explicada a raz\u00e3o pela qual, apesar de se encontrarem dezenas de contratos id\u00eanticos dispon\u00edveis no portal BASE entre autarquias e esta empresa, n\u00e3o se encontra o de Sesimbra.<\/p>\n","protected":false},"excerpt":{"rendered":"<p>Solicito que seja pedido \u00e0 C\u00e2mara Municipal o contrato de servi\u00e7os com a SPI, Sociedade Portuguesa de Inova\u00e7\u00e3o, no contexto da elabora\u00e7\u00e3o da ELH e que seja explicada a raz\u00e3o pela qual, apesar de se encontrarem dezenas de contratos id\u00eanticos dispon\u00edveis no portal BASE entre autarquias e esta empresa, n\u00e3o se encontra o de Sesimbra.<\/p>\n","protected":false},"author":1,"featured_media":0,"parent":0,"menu_order":0,"comment_status":"closed","ping_status":"closed","template":"","meta":{"om_disable_all_campaigns":false,"_monsterinsights_skip_tracking":false,"_monsterinsights_sitenote_active":false,"_monsterinsights_sitenote_note":"","_monsterinsights_sitenote_category":0,"footnotes":""},"class_list":["post-1357","page","type-page","status-publish","hentry"],"_links":{"self":[{"href":"https:\/\/anabelarocha.online\/index.php?rest_route=\/wp\/v2\/pages\/1357","targetHints":{"allow":["GET"]}}],"collection":[{"href":"https:\/\/anabelarocha.online\/index.php?rest_route=\/wp\/v2\/pages"}],"about":[{"href":"https:\/\/anabelarocha.online\/index.php?rest_route=\/wp\/v2\/types\/page"}],"author":[{"embeddable":true,"href":"https:\/\/anabelarocha.online\/index.php?rest_route=\/wp\/v2\/users\/1"}],"replies":[{"embeddable":true,"href":"https:\/\/anabelarocha.online\/index.php?rest_route=%2Fwp%2Fv2%2Fcomments&post=1357"}],"version-history":[{"count":2,"href":"https:\/\/anabelarocha.online\/index.php?rest_route=\/wp\/v2\/pages\/1357\/revisions"}],"predecessor-version":[{"id":1391,"href":"https:\/\/anabelarocha.online\/index.php?rest_route=\/wp\/v2\/pages\/1357\/revisions\/1391"}],"wp:attachment":[{"href":"https:\/\/anabelarocha.online\/index.php?rest_route=%2Fwp%2Fv2%2Fmedia&parent=1357"}],"curies":[{"name":"wp","href":"https:\/\/api.w.org\/{rel}","templated":true}]}}