{"id":1350,"date":"2021-12-11T15:46:28","date_gmt":"2021-12-11T15:46:28","guid":{"rendered":"https:\/\/anabelarocha.online\/?page_id=1350"},"modified":"2021-12-11T17:01:19","modified_gmt":"2021-12-11T17:01:19","slug":"solicito-as-seguintes-informacoes-a-camara-municipal","status":"publish","type":"page","link":"https:\/\/anabelarocha.online\/?page_id=1350","title":{"rendered":"Solicito as seguintes informa\u00e7\u00f5es \u00e0 C\u00e2mara Municipal:"},"content":{"rendered":"\n<ul class=\"wp-block-list\"><li>o que foi contratado com cada um dos 15 propriet\u00e1rios do Bloco da Mata?<\/li><li>como justifica a C\u00e2mara Municipal estar a usufruir dum programa europeu para reconstru\u00e7\u00e3o do edif\u00edcio que era s\u00f3 para edif\u00edcios de habita\u00e7\u00e3o social ou devolutos, quando apenas 5 dos 20 fogos habit\u00e1veis eram habita\u00e7\u00e3o social?<\/li><\/ul>\n","protected":false},"excerpt":{"rendered":"<p>o que foi contratado com cada um dos 15 propriet\u00e1rios do Bloco da Mata? como justifica a C\u00e2mara Municipal estar a usufruir dum programa europeu para reconstru\u00e7\u00e3o do edif\u00edcio que era s\u00f3 para edif\u00edcios de habita\u00e7\u00e3o social ou devolutos, quando apenas 5 dos 20 fogos habit\u00e1veis eram habita\u00e7\u00e3o social?<\/p>\n","protected":false},"author":1,"featured_media":0,"parent":0,"menu_order":0,"comment_status":"closed","ping_status":"closed","template":"","meta":{"om_disable_all_campaigns":false,"_monsterinsights_skip_tracking":false,"_monsterinsights_sitenote_active":false,"_monsterinsights_sitenote_note":"","_monsterinsights_sitenote_category":0,"footnotes":""},"class_list":["post-1350","page","type-page","status-publish","hentry"],"_links":{"self":[{"href":"https:\/\/anabelarocha.online\/index.php?rest_route=\/wp\/v2\/pages\/1350","targetHints":{"allow":["GET"]}}],"collection":[{"href":"https:\/\/anabelarocha.online\/index.php?rest_route=\/wp\/v2\/pages"}],"about":[{"href":"https:\/\/anabelarocha.online\/index.php?rest_route=\/wp\/v2\/types\/page"}],"author":[{"embeddable":true,"href":"https:\/\/anabelarocha.online\/index.php?rest_route=\/wp\/v2\/users\/1"}],"replies":[{"embeddable":true,"href":"https:\/\/anabelarocha.online\/index.php?rest_route=%2Fwp%2Fv2%2Fcomments&post=1350"}],"version-history":[{"count":1,"href":"https:\/\/anabelarocha.online\/index.php?rest_route=\/wp\/v2\/pages\/1350\/revisions"}],"predecessor-version":[{"id":1351,"href":"https:\/\/anabelarocha.online\/index.php?rest_route=\/wp\/v2\/pages\/1350\/revisions\/1351"}],"wp:attachment":[{"href":"https:\/\/anabelarocha.online\/index.php?rest_route=%2Fwp%2Fv2%2Fmedia&parent=1350"}],"curies":[{"name":"wp","href":"https:\/\/api.w.org\/{rel}","templated":true}]}}