{"id":1342,"date":"2021-12-11T15:38:00","date_gmt":"2021-12-11T15:38:00","guid":{"rendered":"https:\/\/anabelarocha.online\/?page_id=1342"},"modified":"2021-12-11T16:59:43","modified_gmt":"2021-12-11T16:59:43","slug":"requerimento-processos-urbanisticos-2","status":"publish","type":"page","link":"https:\/\/anabelarocha.online\/?page_id=1342","title":{"rendered":"Requerimento Processos Urban\u00edsticos"},"content":{"rendered":"\n<p>Solicito as seguintes informa\u00e7\u00f5es relativamente a estes processos urban\u00edsticos:<\/p>\n\n\n\n<ul class=\"wp-block-list\"><li>planta de localiza\u00e7\u00e3o do Proc. 74\/20 &#8211; Reqt.\u00ba 11.976\/20, em nome de Andr\u00e9 Noronha, na Amieira, cujo projecto de arquitectura foi aprovado em reuni\u00e3o de C\u00e2mara de 7 de Julho de 2021, e seu enquadramento em PDM<\/li><li>por que raz\u00e3o n\u00e3o veio a reuni\u00e3o de C\u00e2mara a aprova\u00e7\u00e3o de Comunica\u00e7\u00e3o Pr\u00e9via a 7 de Julho de 2021, superior a 400m2, nomeadamente 513,45 m2, em F\u00e9tais, propriedade do administrador da EDP Jo\u00e3o Manuel Ver\u00edssimo Marques da Cruz, processo 43\/2021<\/li><li>em que situa\u00e7\u00e3o se encontra a obra sito \u00e0 Alameda S\u00e3o Jos\u00e9, n\u00ba 186? A obra est\u00e1 aparentemente parada. Existiu vistoria? Com que resultados? A obra n\u00e3o cumpre com o projecto de gemina\u00e7\u00e3o da zona tendo sido aberto um v\u00e3o, com janela e varanda embutida, na fachada esquerda, quando todas as fachadas esquerdas deste lado da Alameda s\u00e3o cegas visto a abertura de v\u00e3os comprometer a privacidade e dist\u00e2ncia do im\u00f3vel a construir \u00e0 esquerda. A fachada direita tamb\u00e9m n\u00e3o cumpre os requisitos da gemina\u00e7\u00e3o pois o v\u00e3o aberto, aparentemente a toda a altura da fachada, \u00e9 muito maior que os existentes.<\/li><\/ul>\n\n\n\n<ul class=\"wp-block-list\"><li>Relativamente a delibera\u00e7\u00f5es em reuni\u00e3o de C\u00e2mara de 10 de Novembro de 2021, Requerimentos e Processos:<ul><li>ponto 3. Como \u00e9 aprovado um projecto de arquitectura, mesmo condicionalmente, quando existe uma regra que se op\u00f5e, o regulamento de loteamento da AUGI 40A, e n\u00e3o \u00e9 apresentado um estudo conjunto para as bandas? N\u00e3o seria de indeferir e recomendar estes passos, reservando uma poss\u00edvel aprova\u00e7\u00e3o para se fossem dados?<\/li><li>Ponto 5. Documentos que comprovem que o aumento do n\u00famero de fogos aprovados cumprem a densidade habitacional m\u00e1xima definida. Qual a \u00e1rea de cada fogo agora aumentado em n\u00famero para o triplo? Essa \u00e1rea n\u00e3o tem consequ\u00eancias para a compensa\u00e7\u00e3o por aus\u00eancia de ced\u00eancias para dom\u00ednio p\u00fablico? Por outro lado, aumentando os fogos, n\u00e3o aumentam os lugares de estacionamento? \u00c9 referido que foi feita uma consulta p\u00fablica: por que raz\u00e3o n\u00e3o foi publicada na p\u00e1gina da CMS relativa a consultas p\u00fablicas?<\/li><\/ul><\/li><\/ul>\n\n\n\n<ul class=\"wp-block-list\"><li>Relativamente a delibera\u00e7\u00f5es em reuni\u00e3o de C\u00e2mara de 10 de Novembro de 2021, Delibera\u00e7\u00f5es Diversas:<ul><li>ponto 3. Qual o custo da execu\u00e7\u00e3o do muro em bet\u00e3o na Capela de S\u00e3o Sebasti\u00e3o? N\u00e3o deveria ser caracterizado como trabalhos a mais? Este tipo de constru\u00e7\u00e3o respeita os crit\u00e9rios de recupera\u00e7\u00e3o da obra?<\/li><li>Ponto 11. Com que sentido \u00e9 feita esta delega\u00e7\u00e3o de compet\u00eancias no Sr. Presidente, \u201cemiss\u00e3o de parecer pr\u00e9vio \u00e0 celebra\u00e7\u00e3o dos atos e neg\u00f3cios jur\u00eddicos relativos \u00e0s zonas abrangidas pelo Plano de Urbaniza\u00e7\u00e3o da Lagoa de Albufeira, Plano de Urbaniza\u00e7\u00e3o da Quinta do Conde, Plano de Urbaniza\u00e7\u00e3o de Fontainhas, Casal do Sapo e Courelas da Brava e Plano de Pormenor do Pinhal do General\u201d.<\/li><\/ul><\/li><\/ul>\n","protected":false},"excerpt":{"rendered":"<p>Solicito as seguintes informa\u00e7\u00f5es relativamente a estes processos urban\u00edsticos: planta de localiza\u00e7\u00e3o do Proc. 74\/20 &#8211; Reqt.\u00ba 11.976\/20, em nome de Andr\u00e9 Noronha, na Amieira, cujo projecto de arquitectura foi aprovado em reuni\u00e3o de C\u00e2mara de 7 de Julho de 2021, e seu enquadramento em PDM por que raz\u00e3o n\u00e3o veio a reuni\u00e3o de C\u00e2mara &hellip;<\/p>\n<p class=\"read-more\"> <a class=\"\" href=\"https:\/\/anabelarocha.online\/?page_id=1342\"> <span class=\"screen-reader-text\">Requerimento Processos Urban\u00edsticos<\/span> Read More &raquo;<\/a><\/p>\n","protected":false},"author":1,"featured_media":0,"parent":0,"menu_order":0,"comment_status":"closed","ping_status":"closed","template":"","meta":{"om_disable_all_campaigns":false,"_monsterinsights_skip_tracking":false,"_monsterinsights_sitenote_active":false,"_monsterinsights_sitenote_note":"","_monsterinsights_sitenote_category":0,"footnotes":""},"class_list":["post-1342","page","type-page","status-publish","hentry"],"_links":{"self":[{"href":"https:\/\/anabelarocha.online\/index.php?rest_route=\/wp\/v2\/pages\/1342","targetHints":{"allow":["GET"]}}],"collection":[{"href":"https:\/\/anabelarocha.online\/index.php?rest_route=\/wp\/v2\/pages"}],"about":[{"href":"https:\/\/anabelarocha.online\/index.php?rest_route=\/wp\/v2\/types\/page"}],"author":[{"embeddable":true,"href":"https:\/\/anabelarocha.online\/index.php?rest_route=\/wp\/v2\/users\/1"}],"replies":[{"embeddable":true,"href":"https:\/\/anabelarocha.online\/index.php?rest_route=%2Fwp%2Fv2%2Fcomments&post=1342"}],"version-history":[{"count":1,"href":"https:\/\/anabelarocha.online\/index.php?rest_route=\/wp\/v2\/pages\/1342\/revisions"}],"predecessor-version":[{"id":1343,"href":"https:\/\/anabelarocha.online\/index.php?rest_route=\/wp\/v2\/pages\/1342\/revisions\/1343"}],"wp:attachment":[{"href":"https:\/\/anabelarocha.online\/index.php?rest_route=%2Fwp%2Fv2%2Fmedia&parent=1342"}],"curies":[{"name":"wp","href":"https:\/\/api.w.org\/{rel}","templated":true}]}}