{"id":1331,"date":"2021-12-11T12:26:00","date_gmt":"2021-12-11T12:26:00","guid":{"rendered":"https:\/\/anabelarocha.online\/?page_id=1331"},"modified":"2021-12-11T17:05:00","modified_gmt":"2021-12-11T17:05:00","slug":"recomendacao-creches-centros-de-dia-e-residencias-autonomas-municipais","status":"publish","type":"page","link":"https:\/\/anabelarocha.online\/?page_id=1331","title":{"rendered":"Recomenda\u00e7\u00e3o Creches, Centros de Dia e Resid\u00eancias Aut\u00f3nomas Municipais"},"content":{"rendered":"\n<p>A Assembleia Municipal recomenda \u00e0 C\u00e2mara Municipal que disponibilize espa\u00e7os e encomende os respectivos projectos para creches, centros de dia e resid\u00eancias aut\u00f3nomas municipais, localizados onde a densidade e dispers\u00e3o demogr\u00e1fica aconselhar, de forma a agilizar desde j\u00e1 os processos de candidatura neste \u00e2mbito ao PRR, com financiamento a 100%, e a decorrer at\u00e9 22 de Fevereiro de 2022.<\/p>\n\n\n\n<p>Estas creches, centros de dia e resid\u00eancias aut\u00f3nomas podem ser geridas por IPSSs que t\u00eam acesso \u00e0 comparticipa\u00e7\u00e3o da Seguran\u00e7a Social, que vir\u00e1 a ser de 100% para as creches.<\/p>\n","protected":false},"excerpt":{"rendered":"<p>A Assembleia Municipal recomenda \u00e0 C\u00e2mara Municipal que disponibilize espa\u00e7os e encomende os respectivos projectos para creches, centros de dia e resid\u00eancias aut\u00f3nomas municipais, localizados onde a densidade e dispers\u00e3o demogr\u00e1fica aconselhar, de forma a agilizar desde j\u00e1 os processos de candidatura neste \u00e2mbito ao PRR, com financiamento a 100%, e a decorrer at\u00e9 22 &hellip;<\/p>\n<p class=\"read-more\"> <a class=\"\" href=\"https:\/\/anabelarocha.online\/?page_id=1331\"> <span class=\"screen-reader-text\">Recomenda\u00e7\u00e3o Creches, Centros de Dia e Resid\u00eancias Aut\u00f3nomas Municipais<\/span> Read More &raquo;<\/a><\/p>\n","protected":false},"author":1,"featured_media":0,"parent":0,"menu_order":0,"comment_status":"closed","ping_status":"closed","template":"","meta":{"om_disable_all_campaigns":false,"_monsterinsights_skip_tracking":false,"_monsterinsights_sitenote_active":false,"_monsterinsights_sitenote_note":"","_monsterinsights_sitenote_category":0,"footnotes":""},"class_list":["post-1331","page","type-page","status-publish","hentry"],"_links":{"self":[{"href":"https:\/\/anabelarocha.online\/index.php?rest_route=\/wp\/v2\/pages\/1331","targetHints":{"allow":["GET"]}}],"collection":[{"href":"https:\/\/anabelarocha.online\/index.php?rest_route=\/wp\/v2\/pages"}],"about":[{"href":"https:\/\/anabelarocha.online\/index.php?rest_route=\/wp\/v2\/types\/page"}],"author":[{"embeddable":true,"href":"https:\/\/anabelarocha.online\/index.php?rest_route=\/wp\/v2\/users\/1"}],"replies":[{"embeddable":true,"href":"https:\/\/anabelarocha.online\/index.php?rest_route=%2Fwp%2Fv2%2Fcomments&post=1331"}],"version-history":[{"count":1,"href":"https:\/\/anabelarocha.online\/index.php?rest_route=\/wp\/v2\/pages\/1331\/revisions"}],"predecessor-version":[{"id":1332,"href":"https:\/\/anabelarocha.online\/index.php?rest_route=\/wp\/v2\/pages\/1331\/revisions\/1332"}],"wp:attachment":[{"href":"https:\/\/anabelarocha.online\/index.php?rest_route=%2Fwp%2Fv2%2Fmedia&parent=1331"}],"curies":[{"name":"wp","href":"https:\/\/api.w.org\/{rel}","templated":true}]}}