{"id":1329,"date":"2021-12-11T12:24:41","date_gmt":"2021-12-11T12:24:41","guid":{"rendered":"https:\/\/anabelarocha.online\/?page_id=1329"},"modified":"2021-12-11T17:05:22","modified_gmt":"2021-12-11T17:05:22","slug":"recomendacao-orcamento-participativo","status":"publish","type":"page","link":"https:\/\/anabelarocha.online\/?page_id=1329","title":{"rendered":"Recomenda\u00e7\u00e3o Or\u00e7amento Participativo"},"content":{"rendered":"\n<p>Os Or\u00e7amentos Participativos municipais correspondem ao exerc\u00edcio de uma interven\u00e7\u00e3o cidad\u00e3 informada, ativa e respons\u00e1vel nos processos de governa\u00e7\u00e3o local, mais especificamente, na decis\u00e3o participada de uma parcela do Or\u00e7amento Municipal. \u00c9 um mecanismo de participa\u00e7\u00e3o democr\u00e1tica que existe h\u00e1 cerca de 20 anos em Portugal.<\/p>\n\n\n\n<p>A Assembleia Municipal recomenda \u00e0 C\u00e2mara Municipal que retome este mecanismo e inclua nas previs\u00f5es or\u00e7amentais do pr\u00f3ximo ano verba para um processo de Or\u00e7amento Participativo que aceite dois tipos de projectos propostos pelos cidad\u00e3os, tendo cada freguesia direito a ver pelo menos uma proposta de um tipo vencedora:<\/p>\n\n\n\n<p>a) Propostas de projetos que envolvam empreitadas de obras p\u00fablicas;<\/p>\n\n\n\n<p>b) Propostas de projetos que envolvam a aquisi\u00e7\u00e3o ou loca\u00e7\u00e3o de bens m\u00f3veis, ou aquisi\u00e7\u00e3o de servi\u00e7os.<\/p>\n\n\n\n<p>A Assembleia Municipal recomenda igualmente que o Or\u00e7amento Participativo aceite apenas propostas de cidad\u00e3os individuais, sendo que as propostas apresentadas n\u00e3o podem ter como benefici\u00e1rio qualquer organiza\u00e7\u00e3o do movimento associativo, bem como entidades privadas, religiosas ou militares mas sim ser relativas a bens e espa\u00e7os p\u00fablicos.<\/p>\n","protected":false},"excerpt":{"rendered":"<p>Os Or\u00e7amentos Participativos municipais correspondem ao exerc\u00edcio de uma interven\u00e7\u00e3o cidad\u00e3 informada, ativa e respons\u00e1vel nos processos de governa\u00e7\u00e3o local, mais especificamente, na decis\u00e3o participada de uma parcela do Or\u00e7amento Municipal. \u00c9 um mecanismo de participa\u00e7\u00e3o democr\u00e1tica que existe h\u00e1 cerca de 20 anos em Portugal. A Assembleia Municipal recomenda \u00e0 C\u00e2mara Municipal que retome &hellip;<\/p>\n<p class=\"read-more\"> <a class=\"\" href=\"https:\/\/anabelarocha.online\/?page_id=1329\"> <span class=\"screen-reader-text\">Recomenda\u00e7\u00e3o Or\u00e7amento Participativo<\/span> Read More &raquo;<\/a><\/p>\n","protected":false},"author":1,"featured_media":0,"parent":0,"menu_order":0,"comment_status":"closed","ping_status":"closed","template":"","meta":{"om_disable_all_campaigns":false,"_monsterinsights_skip_tracking":false,"_monsterinsights_sitenote_active":false,"_monsterinsights_sitenote_note":"","_monsterinsights_sitenote_category":0,"footnotes":""},"class_list":["post-1329","page","type-page","status-publish","hentry"],"_links":{"self":[{"href":"https:\/\/anabelarocha.online\/index.php?rest_route=\/wp\/v2\/pages\/1329","targetHints":{"allow":["GET"]}}],"collection":[{"href":"https:\/\/anabelarocha.online\/index.php?rest_route=\/wp\/v2\/pages"}],"about":[{"href":"https:\/\/anabelarocha.online\/index.php?rest_route=\/wp\/v2\/types\/page"}],"author":[{"embeddable":true,"href":"https:\/\/anabelarocha.online\/index.php?rest_route=\/wp\/v2\/users\/1"}],"replies":[{"embeddable":true,"href":"https:\/\/anabelarocha.online\/index.php?rest_route=%2Fwp%2Fv2%2Fcomments&post=1329"}],"version-history":[{"count":1,"href":"https:\/\/anabelarocha.online\/index.php?rest_route=\/wp\/v2\/pages\/1329\/revisions"}],"predecessor-version":[{"id":1330,"href":"https:\/\/anabelarocha.online\/index.php?rest_route=\/wp\/v2\/pages\/1329\/revisions\/1330"}],"wp:attachment":[{"href":"https:\/\/anabelarocha.online\/index.php?rest_route=%2Fwp%2Fv2%2Fmedia&parent=1329"}],"curies":[{"name":"wp","href":"https:\/\/api.w.org\/{rel}","templated":true}]}}