{"id":1295,"date":"2021-11-15T13:21:40","date_gmt":"2021-11-15T13:21:40","guid":{"rendered":"https:\/\/anabelarocha.online\/?page_id=1295"},"modified":"2021-11-15T13:21:41","modified_gmt":"2021-11-15T13:21:41","slug":"requerimento-estrategia-local-de-habitacao","status":"publish","type":"page","link":"https:\/\/anabelarocha.online\/?page_id=1295","title":{"rendered":"Requerimento Estrat\u00e9gia Local de Habita\u00e7\u00e3o"},"content":{"rendered":"\n<p>Solicito ser informada pela C\u00e2mara Municipal da Estrat\u00e9gia Local de Habita\u00e7\u00e3o aprovada em reuni\u00e3o de 22 de Setembro de 2021, da&nbsp;<\/p>\n\n\n\n<p>Proposta 15561 de rectifica\u00e7\u00e3o da Estrat\u00e9gia Local de Habita\u00e7\u00e3o do executivo e da\u00a0Proposta 19249 de rectifica\u00e7\u00e3o do Chega, estas \u00faltimas apresentadas em reuni\u00e3o de C\u00e2mara de hoje.<\/p>\n\n\n\n<p>10-11-21<\/p>\n\n\n\n<p>Resposta do Sr. Presidente da Assembleia Municipal a 11-11-21: <\/p>\n\n\n\n<p>Em cumprimento das indica\u00e7\u00f5es do Senhor Presidente da Assembleia Municipal de Sesimbra, vimos informar que a Estrat\u00e9gia Local de Habita\u00e7\u00e3o \u00e9 uma mat\u00e9ria que ser\u00e1 presente \u00e0 Assembleia Municipal para delibera\u00e7\u00e3o e que, como tal, quando toda a documenta\u00e7\u00e3o for enviada aos servi\u00e7os, a mesma ser\u00e1, como habitual, colocada na PAM`s e os deputados informados sobre tal.<\/p>\n\n\n\n<p>Relativamente \u00e0s Propostas 15561 e 19249, informamos que foi submetido o pedido de informa\u00e7\u00e3o \u00e0 C\u00e2mara Municipal.<\/p>\n","protected":false},"excerpt":{"rendered":"<p>Solicito ser informada pela C\u00e2mara Municipal da Estrat\u00e9gia Local de Habita\u00e7\u00e3o aprovada em reuni\u00e3o de 22 de Setembro de 2021, da&nbsp; Proposta 15561 de rectifica\u00e7\u00e3o da Estrat\u00e9gia Local de Habita\u00e7\u00e3o do executivo e da\u00a0Proposta 19249 de rectifica\u00e7\u00e3o do Chega, estas \u00faltimas apresentadas em reuni\u00e3o de C\u00e2mara de hoje. 10-11-21 Resposta do Sr. Presidente da Assembleia &hellip;<\/p>\n<p class=\"read-more\"> <a class=\"\" href=\"https:\/\/anabelarocha.online\/?page_id=1295\"> <span class=\"screen-reader-text\">Requerimento Estrat\u00e9gia Local de Habita\u00e7\u00e3o<\/span> Read More &raquo;<\/a><\/p>\n","protected":false},"author":1,"featured_media":0,"parent":0,"menu_order":0,"comment_status":"closed","ping_status":"closed","template":"","meta":{"om_disable_all_campaigns":false,"_monsterinsights_skip_tracking":false,"_monsterinsights_sitenote_active":false,"_monsterinsights_sitenote_note":"","_monsterinsights_sitenote_category":0,"footnotes":""},"class_list":["post-1295","page","type-page","status-publish","hentry"],"_links":{"self":[{"href":"https:\/\/anabelarocha.online\/index.php?rest_route=\/wp\/v2\/pages\/1295","targetHints":{"allow":["GET"]}}],"collection":[{"href":"https:\/\/anabelarocha.online\/index.php?rest_route=\/wp\/v2\/pages"}],"about":[{"href":"https:\/\/anabelarocha.online\/index.php?rest_route=\/wp\/v2\/types\/page"}],"author":[{"embeddable":true,"href":"https:\/\/anabelarocha.online\/index.php?rest_route=\/wp\/v2\/users\/1"}],"replies":[{"embeddable":true,"href":"https:\/\/anabelarocha.online\/index.php?rest_route=%2Fwp%2Fv2%2Fcomments&post=1295"}],"version-history":[{"count":1,"href":"https:\/\/anabelarocha.online\/index.php?rest_route=\/wp\/v2\/pages\/1295\/revisions"}],"predecessor-version":[{"id":1296,"href":"https:\/\/anabelarocha.online\/index.php?rest_route=\/wp\/v2\/pages\/1295\/revisions\/1296"}],"wp:attachment":[{"href":"https:\/\/anabelarocha.online\/index.php?rest_route=%2Fwp%2Fv2%2Fmedia&parent=1295"}],"curies":[{"name":"wp","href":"https:\/\/api.w.org\/{rel}","templated":true}]}}