{"id":1292,"date":"2021-11-15T13:18:35","date_gmt":"2021-11-15T13:18:35","guid":{"rendered":"https:\/\/anabelarocha.online\/?page_id=1292"},"modified":"2021-11-15T13:18:35","modified_gmt":"2021-11-15T13:18:35","slug":"requerimento-processos-urbanisticos","status":"publish","type":"page","link":"https:\/\/anabelarocha.online\/?page_id=1292","title":{"rendered":"Requerimento Processos Urban\u00edsticos"},"content":{"rendered":"\n<p>Solicito \u00e0 C\u00e2mara Municipal as seguintes informa\u00e7\u00f5es:<\/p>\n\n\n\n<ul class=\"wp-block-list\"><li>fundamenta\u00e7\u00e3o de acordo com o PDM da SPO 48\/21 aprovada em reuni\u00e3o de C\u00e2mara de 4 Agosto de 2021, de que \u00e9 propriet\u00e1rio T\u00e9o Borscberg nomeadamente: documentos que justifiquem o direito a construir em espa\u00e7o de transi\u00e7\u00e3o, porque foi autorizada uma STP superior a 300 m2, documentos que comprovem o \u00edndice de constru\u00e7\u00e3o da Constru\u00e7\u00e3o 1 e porque foi autorizada constru\u00e7\u00e3o em espa\u00e7o agr\u00edcola e Rede Natura na Constru\u00e7\u00e3o 2.<\/li><li>planta de localiza\u00e7\u00e3o e fundamenta\u00e7\u00e3o em PDM do hotel na Aldeia Nova da Azoia aprovado em SPO 15\/21 em reuni\u00e3o de C\u00e2mara de 7 de Abril de 2021<\/li><li>documentos justificativos do \u00edndice de constru\u00e7\u00e3o e seu enquadramento em PDM do edif\u00edcio de apartamentos tur\u00edsticos e unidades comerciais na Avenida dos N\u00e1ufragos SPO 13\/21 aprovado em reuni\u00e3o de C\u00e2mara de 7 de Abril de 2021<\/li><li>documentos que fundamentem o direito a construir em espa\u00e7o de transi\u00e7\u00e3o de Maria Carla Torgal em SPO 56\/21 aprovado em reuni\u00e3o de C\u00e2mara de 8 de Setembro de 2021, assim como a raz\u00e3o para terem sido permitidos mais de 2 fogos e uma STP superior a 300 m2 (como determina o PDM) e documentos que justifiquem o \u00edndice de constru\u00e7\u00e3o.<\/li><li>quais as condi\u00e7\u00f5es espec\u00edficas exigidas em PDM que justificaram a aprova\u00e7\u00e3o de mais de um piso nas 6 moradias na Aldeia Nova da Azoia em SGD 57\/21 aprovado em reuni\u00e3o de C\u00e2mara de 8 de Setembro de 2021 e documentos que justifiquem o \u00edndice de constru\u00e7\u00e3o<\/li><li>por que raz\u00e3o na reuni\u00e3o de 12 de Maio de 2021 foi incorporado em PDM o Plano de Ordenamento da Orla Costeira Sintra Sado de 2003, sabendo que j\u00e1 foi substitu\u00eddo pelo POC Alcoba\u00e7a &#8211; Cabo Espichel, de 2019<\/li><li>informa\u00e7\u00f5es sobre os processos levantados \u00e0 C\u00e2mara pelo ICNF referidos em reuni\u00e3o de C\u00e2mara de 17 de Mar\u00e7o de 2021 relativos a constru\u00e7\u00f5es autorizadas contra o PNA, por esta ter licenciado obras na Arr\u00e1bida e em zonas de protec\u00e7\u00e3o complementar da Arr\u00e1bida, nomeadamente atrav\u00e9s da figura dos solos de transi\u00e7\u00e3o<\/li><li>documentos que justifiquem o \u00edndice de constru\u00e7\u00e3o e seu enquadramento em PDM de edif\u00edcio de uso misto, equipamento, habita\u00e7\u00e3o e turismo sito \u00e0 Rua Am\u00e9lia Frade \u2013 Vila de Sesimbra em SPO 21\/21 aprovado em reuni\u00e3o de C\u00e2mara de 21 de Abril de 2021<\/li><li>por que foi dada no pedido de informa\u00e7\u00e3o pr\u00e9via, informa\u00e7\u00e3o favor\u00e1vel condicionada a um empreendimento tur\u00edstico em Palames, SPO 39\/21 em reuni\u00e3o de 7 de Julho de 2021, sem pron\u00fancia do ICNF, sendo que o Decreto-Lei 156-A\/2013 no seu art. 10\u00ba, 1, obriga a avalia\u00e7\u00e3o de incid\u00eancias ambientais, independentemente do que determina o PDM?<\/li><\/ul>\n\n\n\n<p>10-11-21<\/p>\n","protected":false},"excerpt":{"rendered":"<p>Solicito \u00e0 C\u00e2mara Municipal as seguintes informa\u00e7\u00f5es: fundamenta\u00e7\u00e3o de acordo com o PDM da SPO 48\/21 aprovada em reuni\u00e3o de C\u00e2mara de 4 Agosto de 2021, de que \u00e9 propriet\u00e1rio T\u00e9o Borscberg nomeadamente: documentos que justifiquem o direito a construir em espa\u00e7o de transi\u00e7\u00e3o, porque foi autorizada uma STP superior a 300 m2, documentos que &hellip;<\/p>\n<p class=\"read-more\"> <a class=\"\" href=\"https:\/\/anabelarocha.online\/?page_id=1292\"> <span class=\"screen-reader-text\">Requerimento Processos Urban\u00edsticos<\/span> Read More &raquo;<\/a><\/p>\n","protected":false},"author":1,"featured_media":0,"parent":0,"menu_order":0,"comment_status":"closed","ping_status":"closed","template":"","meta":{"om_disable_all_campaigns":false,"_monsterinsights_skip_tracking":false,"_monsterinsights_sitenote_active":false,"_monsterinsights_sitenote_note":"","_monsterinsights_sitenote_category":0,"footnotes":""},"class_list":["post-1292","page","type-page","status-publish","hentry"],"_links":{"self":[{"href":"https:\/\/anabelarocha.online\/index.php?rest_route=\/wp\/v2\/pages\/1292","targetHints":{"allow":["GET"]}}],"collection":[{"href":"https:\/\/anabelarocha.online\/index.php?rest_route=\/wp\/v2\/pages"}],"about":[{"href":"https:\/\/anabelarocha.online\/index.php?rest_route=\/wp\/v2\/types\/page"}],"author":[{"embeddable":true,"href":"https:\/\/anabelarocha.online\/index.php?rest_route=\/wp\/v2\/users\/1"}],"replies":[{"embeddable":true,"href":"https:\/\/anabelarocha.online\/index.php?rest_route=%2Fwp%2Fv2%2Fcomments&post=1292"}],"version-history":[{"count":1,"href":"https:\/\/anabelarocha.online\/index.php?rest_route=\/wp\/v2\/pages\/1292\/revisions"}],"predecessor-version":[{"id":1294,"href":"https:\/\/anabelarocha.online\/index.php?rest_route=\/wp\/v2\/pages\/1292\/revisions\/1294"}],"wp:attachment":[{"href":"https:\/\/anabelarocha.online\/index.php?rest_route=%2Fwp%2Fv2%2Fmedia&parent=1292"}],"curies":[{"name":"wp","href":"https:\/\/api.w.org\/{rel}","templated":true}]}}