{"id":1290,"date":"2021-11-15T13:16:26","date_gmt":"2021-11-15T13:16:26","guid":{"rendered":"https:\/\/anabelarocha.online\/?page_id=1290"},"modified":"2021-11-15T13:16:26","modified_gmt":"2021-11-15T13:16:26","slug":"ausencia-de-subdelegacao-competencias-felicia-costa-e-miguel-fernandes","status":"publish","type":"page","link":"https:\/\/anabelarocha.online\/?page_id=1290","title":{"rendered":"Aus\u00eancia de subdelega\u00e7\u00e3o compet\u00eancias Fel\u00edcia Costa e Miguel Fernandes"},"content":{"rendered":"\n<p>N\u00e3o s\u00e3o subdelegadas as compet\u00eancias relativas a Habita\u00e7\u00e3o, Ac\u00e7\u00e3o Social e Sa\u00fade na vereadora Fel\u00edcia Costa. Aguarda-se despacho complementar. Tamb\u00e9m n\u00e3o tem subdelega\u00e7\u00e3o de compet\u00eancias no pelouro Tecnologias e Sistemas da Informa\u00e7\u00e3o o vereador Alfredo Fernandes. Aguarda-se despacho complementar.<\/p>\n\n\n\n<p>28-11-21<\/p>\n\n\n\n<p>Resposta do Sr. Presidente da C\u00e2mara a 4 de Novembro: Em resposta \u00e0s observa\u00e7\u00f5es indicadas pela deputada municipal, no que diz respeito a \u201csubdelega\u00e7\u00e3o de compet\u00eancias\u201d, somos a informar que n\u00e3o vislumbramos o alcance do teor das mesmas, pelo que solicitamos que possam ser melhor identificadas para que possam ser aferidas em conformidade.<\/p>\n\n\n\n<p>Resposta a 6 de Novembro: a Lei\u00a0 75\/2013 no Art\u00ba 34\u00ba refere a subdelega\u00e7\u00e3o de compet\u00eancias e n\u00e3o de pelouros, n\u00e3o bastando portanto a delega\u00e7\u00e3o de pelouros para que estejam devidamente subdelegadas as compet\u00eancias.<\/p>\n","protected":false},"excerpt":{"rendered":"<p>N\u00e3o s\u00e3o subdelegadas as compet\u00eancias relativas a Habita\u00e7\u00e3o, Ac\u00e7\u00e3o Social e Sa\u00fade na vereadora Fel\u00edcia Costa. Aguarda-se despacho complementar. Tamb\u00e9m n\u00e3o tem subdelega\u00e7\u00e3o de compet\u00eancias no pelouro Tecnologias e Sistemas da Informa\u00e7\u00e3o o vereador Alfredo Fernandes. Aguarda-se despacho complementar. 28-11-21 Resposta do Sr. Presidente da C\u00e2mara a 4 de Novembro: Em resposta \u00e0s observa\u00e7\u00f5es indicadas &hellip;<\/p>\n<p class=\"read-more\"> <a class=\"\" href=\"https:\/\/anabelarocha.online\/?page_id=1290\"> <span class=\"screen-reader-text\">Aus\u00eancia de subdelega\u00e7\u00e3o compet\u00eancias Fel\u00edcia Costa e Miguel Fernandes<\/span> Read More &raquo;<\/a><\/p>\n","protected":false},"author":1,"featured_media":0,"parent":0,"menu_order":0,"comment_status":"closed","ping_status":"closed","template":"","meta":{"om_disable_all_campaigns":false,"_monsterinsights_skip_tracking":false,"_monsterinsights_sitenote_active":false,"_monsterinsights_sitenote_note":"","_monsterinsights_sitenote_category":0,"footnotes":""},"class_list":["post-1290","page","type-page","status-publish","hentry"],"_links":{"self":[{"href":"https:\/\/anabelarocha.online\/index.php?rest_route=\/wp\/v2\/pages\/1290","targetHints":{"allow":["GET"]}}],"collection":[{"href":"https:\/\/anabelarocha.online\/index.php?rest_route=\/wp\/v2\/pages"}],"about":[{"href":"https:\/\/anabelarocha.online\/index.php?rest_route=\/wp\/v2\/types\/page"}],"author":[{"embeddable":true,"href":"https:\/\/anabelarocha.online\/index.php?rest_route=\/wp\/v2\/users\/1"}],"replies":[{"embeddable":true,"href":"https:\/\/anabelarocha.online\/index.php?rest_route=%2Fwp%2Fv2%2Fcomments&post=1290"}],"version-history":[{"count":1,"href":"https:\/\/anabelarocha.online\/index.php?rest_route=\/wp\/v2\/pages\/1290\/revisions"}],"predecessor-version":[{"id":1291,"href":"https:\/\/anabelarocha.online\/index.php?rest_route=\/wp\/v2\/pages\/1290\/revisions\/1291"}],"wp:attachment":[{"href":"https:\/\/anabelarocha.online\/index.php?rest_route=%2Fwp%2Fv2%2Fmedia&parent=1290"}],"curies":[{"name":"wp","href":"https:\/\/api.w.org\/{rel}","templated":true}]}}