{"id":1278,"date":"2021-11-15T11:29:56","date_gmt":"2021-11-15T11:29:56","guid":{"rendered":"https:\/\/anabelarocha.online\/?page_id=1278"},"modified":"2021-11-15T11:29:57","modified_gmt":"2021-11-15T11:29:57","slug":"recomendacao-transportes-colectivos-aml","status":"publish","type":"page","link":"https:\/\/anabelarocha.online\/?page_id=1278","title":{"rendered":"Recomenda\u00e7\u00e3o Transportes Colectivos\/AML"},"content":{"rendered":"\n<p>A Assembleia Municipal de Sesimbra recomenda \u00e0 C\u00e2mara Municipal de Sesimbra exigir a renegocia\u00e7\u00e3o do contrato intermunicipal de delega\u00e7\u00e3o de compet\u00eancias de servi\u00e7os p\u00fablicos de transporte rodovi\u00e1rio com base nos seguintes pressupostos:<\/p>\n\n\n\n<ul class=\"wp-block-list\"><li>o aumento do pre\u00e7o dos combust\u00edveis, actual e previs\u00edvel nos 7 anos de dura\u00e7\u00e3o do contrato<\/li><li>a aus\u00eancia doutros meios de transporte no concelho para l\u00e1 do rodovi\u00e1rio<\/li><li>a \u00e1rea do concelho sem que existam outros modos de transporte colectivo al\u00e9m do rodovi\u00e1rio<\/li><li>o facto de ser o concelho cuja sede est\u00e1 mais distante de Lisboa em tempo de viagem rodovi\u00e1ria, agravando-se exponencialmente este tempo em per\u00edodos de maior tr\u00e2nsito<\/li><\/ul>\n\n\n\n<p>Nesse sentido deveria a C\u00e2mara Municipal exigir uma discrimina\u00e7\u00e3o positiva na comparticipa\u00e7\u00e3o financeira em rela\u00e7\u00e3o a outros concelhos.<\/p>\n\n\n\n<p>Por outro lado a Assembleia Municipal recomenda igualmente que a C\u00e2mara Municipal, sendo das C\u00e2maras Municipais com mais autonomia financeira no pa\u00eds, considere aumentar o valor de comparticipa\u00e7\u00e3o em troca de mais servi\u00e7o de rede.<\/p>\n\n\n\n<p>A deputada independente<\/p>\n\n\n\n<p>Anabela Rocha<\/p>\n\n\n\n<p>Anexa-se quadro com valores arredondados para melhor avalia\u00e7\u00e3o da situa\u00e7\u00e3o comparativo do concelho.<\/p>\n\n\n\n<figure class=\"wp-block-table\"><table><tbody><tr><td>Concelho<\/td><td>Comparticipa\u00e7\u00e3o anual<\/td><td>Habitantes 2021<\/td><td>\u00c1rea<\/td><td>Dist\u00e2ncia rodovi\u00e1ria a Lisboa<\/td><td>Outros transportes<\/td><\/tr><tr><td>Alcochete<\/td><td>351 mil\/ano<\/td><td>19 mil<\/td><td>128 km2<\/td><td>36 km\/40 minutos<\/td><td>Barco<\/td><\/tr><tr><td>Barreiro<\/td><td>360<\/td><td>78<\/td><td>36<\/td><td>33\/43<\/td><td>Barco, Metro e Transp. Mun.<\/td><\/tr><tr><td>Moita<\/td><td>792<\/td><td>66<\/td><td>55<\/td><td>39\/37<\/td><td>Comboio<\/td><\/tr><tr><td>Sesimbra<\/td><td>990<\/td><td>52<\/td><td>195<\/td><td>38\/45<\/td><td><br><\/td><\/tr><tr><td>Montijo<\/td><td>1024<\/td><td>55<\/td><td>348<\/td><td>32\/38<\/td><td>Barco<\/td><\/tr><tr><td>Cascais<\/td><td>1152<\/td><td>214<\/td><td>97<\/td><td>31\/36<\/td><td>Comboio e Transp. Mun.<\/td><\/tr><tr><td>Palmela<\/td><td>1256<\/td><td>68<\/td><td>465<\/td><td>43\/39<\/td><td>Comboio<\/td><\/tr><tr><td>Mafra<\/td><td>1533<\/td><td>86<\/td><td>291<\/td><td>40\/42<\/td><td>Comboio<\/td><\/tr><tr><td>Amadora<\/td><td>1582<\/td><td>171<\/td><td>23<\/td><td>12 km\/20 m<\/td><td>Comboio e Metro<\/td><\/tr><tr><td>Almada<\/td><td>1810<\/td><td>177<\/td><td>70<\/td><td>12 km\/20 m<\/td><td>Barco e metro<\/td><\/tr><tr><td>Seixal<\/td><td>1947<\/td><td>166<\/td><td>95<\/td><td>24\/29<\/td><td>Barco<\/td><\/tr><tr><td>Set\u00fabal<\/td><td>2061<\/td><td>123<\/td><td>230<\/td><td>49\/42<\/td><td>Comboio<\/td><\/tr><tr><td>Oeiras<\/td><td>2070<\/td><td>171<\/td><td>45<\/td><td>19\/23<\/td><td>Comboio<\/td><\/tr><tr><td>Vila Franca<\/td><td>2407<\/td><td>137<\/td><td>318<\/td><td>36\/39<\/td><td>Comboio<\/td><\/tr><tr><td>Loures<\/td><td>2570<\/td><td>201<\/td><td>167<\/td><td>17\/27<\/td><td><br><\/td><\/tr><tr><td>Lisboa<\/td><td>3487<\/td><td>544<\/td><td>100<\/td><td><br><\/td><td><br><\/td><\/tr><tr><td>Sintra<\/td><td>4476<\/td><td>385<\/td><td>319<\/td><td>28\/30<\/td><td>Comboio<\/td><\/tr><\/tbody><\/table><\/figure>\n","protected":false},"excerpt":{"rendered":"<p>A Assembleia Municipal de Sesimbra recomenda \u00e0 C\u00e2mara Municipal de Sesimbra exigir a renegocia\u00e7\u00e3o do contrato intermunicipal de delega\u00e7\u00e3o de compet\u00eancias de servi\u00e7os p\u00fablicos de transporte rodovi\u00e1rio com base nos seguintes pressupostos: o aumento do pre\u00e7o dos combust\u00edveis, actual e previs\u00edvel nos 7 anos de dura\u00e7\u00e3o do contrato a aus\u00eancia doutros meios de transporte no &hellip;<\/p>\n<p class=\"read-more\"> <a class=\"\" href=\"https:\/\/anabelarocha.online\/?page_id=1278\"> <span class=\"screen-reader-text\">Recomenda\u00e7\u00e3o Transportes Colectivos\/AML<\/span> Read More &raquo;<\/a><\/p>\n","protected":false},"author":1,"featured_media":0,"parent":0,"menu_order":0,"comment_status":"closed","ping_status":"closed","template":"","meta":{"om_disable_all_campaigns":false,"_monsterinsights_skip_tracking":false,"_monsterinsights_sitenote_active":false,"_monsterinsights_sitenote_note":"","_monsterinsights_sitenote_category":0,"footnotes":""},"class_list":["post-1278","page","type-page","status-publish","hentry"],"_links":{"self":[{"href":"https:\/\/anabelarocha.online\/index.php?rest_route=\/wp\/v2\/pages\/1278","targetHints":{"allow":["GET"]}}],"collection":[{"href":"https:\/\/anabelarocha.online\/index.php?rest_route=\/wp\/v2\/pages"}],"about":[{"href":"https:\/\/anabelarocha.online\/index.php?rest_route=\/wp\/v2\/types\/page"}],"author":[{"embeddable":true,"href":"https:\/\/anabelarocha.online\/index.php?rest_route=\/wp\/v2\/users\/1"}],"replies":[{"embeddable":true,"href":"https:\/\/anabelarocha.online\/index.php?rest_route=%2Fwp%2Fv2%2Fcomments&post=1278"}],"version-history":[{"count":1,"href":"https:\/\/anabelarocha.online\/index.php?rest_route=\/wp\/v2\/pages\/1278\/revisions"}],"predecessor-version":[{"id":1279,"href":"https:\/\/anabelarocha.online\/index.php?rest_route=\/wp\/v2\/pages\/1278\/revisions\/1279"}],"wp:attachment":[{"href":"https:\/\/anabelarocha.online\/index.php?rest_route=%2Fwp%2Fv2%2Fmedia&parent=1278"}],"curies":[{"name":"wp","href":"https:\/\/api.w.org\/{rel}","templated":true}]}}