{"id":1244,"date":"2021-10-21T16:16:03","date_gmt":"2021-10-21T16:16:03","guid":{"rendered":"http:\/\/anabelarocha.online\/?page_id=1244"},"modified":"2021-11-15T13:05:21","modified_gmt":"2021-11-15T13:05:21","slug":"servicos-camararios","status":"publish","type":"page","link":"https:\/\/anabelarocha.online\/?page_id=1244","title":{"rendered":"Servi\u00e7os Camar\u00e1rios"},"content":{"rendered":"\n<p>A estrutura org\u00e2nica dos servi\u00e7os da C\u00e2mara Municipal de Sesimbra \u00e9 regulamentada pelo Despacho 175\/2019. A deputada independente Anabela Rocha solicita as seguintes informa\u00e7\u00f5es previstas nesse despacho:<\/p>\n\n\n\n<ul class=\"wp-block-list\"><li>os relat\u00f3rios de atividades do departamento ou da divis\u00e3o previstos nos Art\u00ba 11\u00ba<\/li><li>os planos e procedimentos de monitoriza\u00e7\u00e3o dos mesmos previstos no Art\u00ba 11\u00ba<\/li><li>as ac\u00e7\u00f5es de melhoria dos servi\u00e7os previstas no Art\u00ba 11\u00ba<\/li><li>o calend\u00e1rio das reuni\u00f5es de coordena\u00e7\u00e3o previstas no Art\u00ba 11\u00ba<\/li><li>as medidas conducentes \u00e0 melhoria do funcionamento da divis\u00e3o, designadamente ao n\u00edvel da gest\u00e3o racional dos meios humanos e patrimoniais previstas no Art\u00ba 12\u00ba<\/li><li>o calend\u00e1rio das reuni\u00f5es de coordena\u00e7\u00e3o previstas no Art\u00ba 12\u00ba<\/li><li>planos, monitoriza\u00e7\u00f5es e propostas de interven\u00e7\u00e3o previstas no Art\u00ba 16\u00ba<\/li><li>planos e monitoriza\u00e7\u00f5es previstas no Art\u00ba 17\u00ba<\/li><\/ul>\n\n\n\n<p><\/p>\n\n\n\n<p>Resposta 11-11-21 ao lado: \u00e9 dada uma resposta sobre o escrut\u00ednio que \u00e9 feito na Assembleia Municipal sobre a actividade camar\u00e1ria em geral e n\u00e3o especificamente sobre os servi\u00e7os camar\u00e1rios.<\/p>\n","protected":false},"excerpt":{"rendered":"<p>A estrutura org\u00e2nica dos servi\u00e7os da C\u00e2mara Municipal de Sesimbra \u00e9 regulamentada pelo Despacho 175\/2019. A deputada independente Anabela Rocha solicita as seguintes informa\u00e7\u00f5es previstas nesse despacho: os relat\u00f3rios de atividades do departamento ou da divis\u00e3o previstos nos Art\u00ba 11\u00ba os planos e procedimentos de monitoriza\u00e7\u00e3o dos mesmos previstos no Art\u00ba 11\u00ba as ac\u00e7\u00f5es de &hellip;<\/p>\n<p class=\"read-more\"> <a class=\"\" href=\"https:\/\/anabelarocha.online\/?page_id=1244\"> <span class=\"screen-reader-text\">Servi\u00e7os Camar\u00e1rios<\/span> Read More &raquo;<\/a><\/p>\n","protected":false},"author":1,"featured_media":0,"parent":0,"menu_order":0,"comment_status":"closed","ping_status":"closed","template":"","meta":{"om_disable_all_campaigns":false,"_monsterinsights_skip_tracking":false,"_monsterinsights_sitenote_active":false,"_monsterinsights_sitenote_note":"","_monsterinsights_sitenote_category":0,"footnotes":""},"class_list":["post-1244","page","type-page","status-publish","hentry"],"_links":{"self":[{"href":"https:\/\/anabelarocha.online\/index.php?rest_route=\/wp\/v2\/pages\/1244","targetHints":{"allow":["GET"]}}],"collection":[{"href":"https:\/\/anabelarocha.online\/index.php?rest_route=\/wp\/v2\/pages"}],"about":[{"href":"https:\/\/anabelarocha.online\/index.php?rest_route=\/wp\/v2\/types\/page"}],"author":[{"embeddable":true,"href":"https:\/\/anabelarocha.online\/index.php?rest_route=\/wp\/v2\/users\/1"}],"replies":[{"embeddable":true,"href":"https:\/\/anabelarocha.online\/index.php?rest_route=%2Fwp%2Fv2%2Fcomments&post=1244"}],"version-history":[{"count":2,"href":"https:\/\/anabelarocha.online\/index.php?rest_route=\/wp\/v2\/pages\/1244\/revisions"}],"predecessor-version":[{"id":1285,"href":"https:\/\/anabelarocha.online\/index.php?rest_route=\/wp\/v2\/pages\/1244\/revisions\/1285"}],"wp:attachment":[{"href":"https:\/\/anabelarocha.online\/index.php?rest_route=%2Fwp%2Fv2%2Fmedia&parent=1244"}],"curies":[{"name":"wp","href":"https:\/\/api.w.org\/{rel}","templated":true}]}}