{"id":1072,"date":"2021-04-12T05:27:18","date_gmt":"2021-04-12T05:27:18","guid":{"rendered":"http:\/\/anabelarocha.online\/?page_id=1072"},"modified":"2022-01-08T08:54:38","modified_gmt":"2022-01-08T08:54:38","slug":"what-i-offer","status":"publish","type":"page","link":"https:\/\/anabelarocha.online\/?page_id=1072","title":{"rendered":"Requerimentos"},"content":{"rendered":"\n<div class=\"wp-block-cover alignfull has-background-dim\" style=\"background-color:#1b1f29;min-height:380px;aspect-ratio:unset;\"><div class=\"wp-block-cover__inner-container is-layout-flow wp-block-cover-is-layout-flow\">\n<h1 class=\"has-text-align-center has-white-color has-text-color wp-block-heading\">Requerimentos<\/h1>\n\n\n\n<p class=\"has-text-align-center has-text-color\" style=\"color:#9599a5\">Solicita\u00e7\u00f5es de informa\u00e7\u00e3o \u00e0 C\u00e2mara Municipal<\/p>\n<\/div><\/div>\n\n\n\n<div class=\"wp-block-group alignfull is-layout-flow wp-block-group-is-layout-flow\"><div class=\"wp-block-group__inner-container\">\n<div class=\"wp-block-columns alignwide is-layout-flex wp-container-core-columns-is-layout-9d6595d7 wp-block-columns-is-layout-flex\">\n<div class=\"wp-block-column is-vertically-aligned-center is-layout-flow wp-block-column-is-layout-flow\">\n<div class=\"wp-block-buttons is-content-justification-right is-layout-flex wp-block-buttons-is-layout-flex\"><\/div>\n<\/div>\n<\/div>\n<\/div><\/div>\n\n\n\n<h2 class=\"wp-block-heading\"><a href=\"http:\/\/anabelarocha.online\/?page_id=1072\">Requerimentos apresentados<\/a><\/h2>\n\n\n\n<figure class=\"wp-block-table\"><table><tbody><tr><td>Nome<\/td><td>Data envio<\/td><td>Data de resposta<\/td><\/tr><tr><td><a href=\"https:\/\/anabelarocha.online\/?page_id=1244\">Servi\u00e7os Camar\u00e1rios<\/a><\/td><td>18-10-21<\/td><td>11-11-21 Ao lado<\/td><\/tr><tr><td><a href=\"https:\/\/anabelarocha.online\/?page_id=1258\">Transportes AML<\/a><\/td><td>20-10-21<\/td><td>03-11-21 incompleta<\/td><\/tr><tr><td><a href=\"https:\/\/anabelarocha.online\/?page_id=1290\">Aus\u00eancia de subdelega\u00e7\u00e3o compet\u00eancias Fel\u00edcia Costa e Miguel Fernandes<\/a><\/td><td>28-10-21<\/td><td>29-11-21 Fica assim, veremos se s\u00e3o suficientes as compet\u00eancias delegadas<\/td><\/tr><tr><td>Obras Boa \u00c1gua<\/td><td>01-11-21<\/td><td>11-11-21 Feitas<\/td><\/tr><tr><td>Cave Alameda S\u00e3o Pedro<\/td><td>10-11-21<\/td><td>30-11-21 embargo (sem data, ordens e prazo de cumprimento)<\/td><\/tr><tr><td><a href=\"https:\/\/anabelarocha.online\/?page_id=1292\">Processos Urban\u00edsticos<\/a><\/td><td>10-11-21<\/td><td><\/td><\/tr><tr><td><a href=\"https:\/\/anabelarocha.online\/?page_id=1295\">Estrat\u00e9gia Local de Habita\u00e7\u00e3o<\/a>&nbsp;(Doc Reuni\u00e3o C\u00e2mara)<\/td><td>10-11-21<\/td><td>18-11-21<\/td><\/tr><tr><td>Auditorias (Doc Reuni\u00e3o C\u00e2mara)<\/td><td>10-11-21<\/td><td>23-11-21<\/td><\/tr><tr><td>Auto de Elimina\u00e7\u00e3o (Doc Reuni\u00e3o C\u00e2mara)<\/td><td>10-11-21<\/td><td>23-11-21<\/td><\/tr><tr><td>DECAPE e TUA Etosoto (Doc Reuni\u00e3o C\u00e2mara)<\/td><td>10-11-21<\/td><td>19-11-21<\/td><\/tr><\/tbody><\/table><\/figure>\n\n\n\n<figure class=\"wp-block-table\"><table><tbody><tr><td><a href=\"https:\/\/anabelarocha.online\/?page_id=1342\">Processos Urban\u00edsticos<\/a><\/td><td>22-11-21<\/td><td><\/td><\/tr><tr><td><a href=\"https:\/\/anabelarocha.online\/?page_id=1357\">Contrato SPI \u2013 ELH<\/a><\/td><td>22-11-21<\/td><td><\/td><\/tr><tr><td><a href=\"https:\/\/anabelarocha.online\/?page_id=1345\">Efim\u00f3veis, Cotovia Parque<\/a><\/td><td>22-11-21<\/td><td><\/td><\/tr><tr><td><a href=\"https:\/\/anabelarocha.online\/?page_id=1350\">Bloco da Mata 15 propriet\u00e1rios e fundos<\/a><\/td><td>23-11-21<\/td><td><\/td><\/tr><tr><td><a href=\"https:\/\/anabelarocha.online\/?page_id=1364\">Trazer Comiss\u00e3o AML \u00e0 Assembleia<\/a><\/td><td>25-11-21<\/td><td>30-11-21 N\u00e3o<\/td><\/tr><tr><td><a href=\"https:\/\/anabelarocha.online\/?page_id=1368\">Cave Alam S. Pedro, condi\u00e7\u00f5es embargo<\/a><\/td><td>02-12-21<\/td><td><\/td><\/tr><tr><td><a href=\"https:\/\/anabelarocha.online\/?page_id=1371\">Relat\u00f3rios e contratos APCER<\/a><\/td><td>03-12-21<\/td><td><\/td><\/tr><tr><td><a href=\"https:\/\/anabelarocha.online\/?page_id=1374\">Actas Cons. Aval e Rel\/Planos dos dirigentes, Despacho 175\/2019<\/a><\/td><td>03-12-21<\/td><td><\/td><\/tr><tr><td><a href=\"https:\/\/anabelarocha.online\/?page_id=1377\">Acta e relat\u00f3rio da visita do Conselho de Preven\u00e7\u00e3o da Corrup\u00e7\u00e3o<\/a><\/td><td>03-12-21<\/td><td><\/td><\/tr><tr><td><a href=\"https:\/\/anabelarocha.online\/?page_id=1377\">Relat auditorias IGF<\/a><\/td><td>03-12-21<\/td><td><\/td><\/tr><tr><td><a href=\"https:\/\/anabelarocha.online\/?page_id=1381\">Relats Coord AUGI<\/a><\/td><td>07-12-21<\/td><td><\/td><\/tr><tr><td><a href=\"https:\/\/anabelarocha.online\/?page_id=1384\">Relats Coord PDM e evol REN<\/a><\/td><td>07-12-21<\/td><td><\/td><\/tr><tr><td><a href=\"https:\/\/anabelarocha.online\/?page_id=1387\">Contratos com particulares<\/a><\/td><td>07-12-21<\/td><td><\/td><\/tr><tr><td><a href=\"https:\/\/anabelarocha.online\/?page_id=1361\">Reun Ord AM Dezembro<\/a><\/td><td>10-12-21<\/td><td><\/td><\/tr><\/tbody><\/table><\/figure>\n","protected":false},"excerpt":{"rendered":"<p>Requerimentos apresentados Nome Data envio Data de resposta Servi\u00e7os Camar\u00e1rios 18-10-21 11-11-21 Ao lado Transportes AML 20-10-21 03-11-21 incompleta Aus\u00eancia de subdelega\u00e7\u00e3o compet\u00eancias Fel\u00edcia Costa e Miguel Fernandes 28-10-21 29-11-21 Fica assim, veremos se s\u00e3o suficientes as compet\u00eancias delegadas Obras Boa \u00c1gua 01-11-21 11-11-21 Feitas Cave Alameda S\u00e3o Pedro 10-11-21 30-11-21 embargo (sem data, ordens &hellip;<\/p>\n<p class=\"read-more\"> <a class=\"\" href=\"https:\/\/anabelarocha.online\/?page_id=1072\"> <span class=\"screen-reader-text\">Requerimentos<\/span> Read More &raquo;<\/a><\/p>\n","protected":false},"author":1,"featured_media":0,"parent":0,"menu_order":0,"comment_status":"closed","ping_status":"closed","template":"","meta":{"om_disable_all_campaigns":false,"_monsterinsights_skip_tracking":false,"_monsterinsights_sitenote_active":false,"_monsterinsights_sitenote_note":"","_monsterinsights_sitenote_category":0,"footnotes":""},"class_list":["post-1072","page","type-page","status-publish","hentry"],"_links":{"self":[{"href":"https:\/\/anabelarocha.online\/index.php?rest_route=\/wp\/v2\/pages\/1072","targetHints":{"allow":["GET"]}}],"collection":[{"href":"https:\/\/anabelarocha.online\/index.php?rest_route=\/wp\/v2\/pages"}],"about":[{"href":"https:\/\/anabelarocha.online\/index.php?rest_route=\/wp\/v2\/types\/page"}],"author":[{"embeddable":true,"href":"https:\/\/anabelarocha.online\/index.php?rest_route=\/wp\/v2\/users\/1"}],"replies":[{"embeddable":true,"href":"https:\/\/anabelarocha.online\/index.php?rest_route=%2Fwp%2Fv2%2Fcomments&post=1072"}],"version-history":[{"count":9,"href":"https:\/\/anabelarocha.online\/index.php?rest_route=\/wp\/v2\/pages\/1072\/revisions"}],"predecessor-version":[{"id":1402,"href":"https:\/\/anabelarocha.online\/index.php?rest_route=\/wp\/v2\/pages\/1072\/revisions\/1402"}],"wp:attachment":[{"href":"https:\/\/anabelarocha.online\/index.php?rest_route=%2Fwp%2Fv2%2Fmedia&parent=1072"}],"curies":[{"name":"wp","href":"https:\/\/api.w.org\/{rel}","templated":true}]}}