{"id":1070,"date":"2021-04-12T05:26:47","date_gmt":"2021-04-12T05:26:47","guid":{"rendered":"http:\/\/anabelarocha.online\/?page_id=1070"},"modified":"2021-12-11T12:32:01","modified_gmt":"2021-12-11T12:32:01","slug":"books","status":"publish","type":"page","link":"https:\/\/anabelarocha.online\/?page_id=1070","title":{"rendered":"Recomenda\u00e7\u00f5es"},"content":{"rendered":"\n<div class=\"wp-block-cover alignfull has-background-dim\" style=\"background-color:#1b1f29;min-height:380px;aspect-ratio:unset;\"><div class=\"wp-block-cover__inner-container is-layout-flow wp-block-cover-is-layout-flow\">\n<h1 class=\"has-text-align-center has-white-color has-text-color wp-block-heading\">Recomenda\u00e7\u00f5es<\/h1>\n\n\n\n<p class=\"has-text-align-center has-text-color\" style=\"color:#9599a5\">Recomenda\u00e7\u00f5es levadas a reuni\u00f5es da Assembleia Municipal para serem feitas \u00e0 C\u00e2mara Municipal<\/p>\n<\/div><\/div>\n\n\n\n<div class=\"wp-block-group alignfull has-background is-layout-flow wp-block-group-is-layout-flow\" style=\"background-color:#f8f9fc\"><div class=\"wp-block-group__inner-container\">\n<div class=\"wp-block-columns alignwide is-layout-flex wp-container-core-columns-is-layout-9d6595d7 wp-block-columns-is-layout-flex\">\n<div class=\"wp-block-column is-layout-flow wp-block-column-is-layout-flow\">\n<div class=\"wp-block-image\"><figure class=\"aligncenter size-full\"><img loading=\"lazy\" decoding=\"async\" width=\"828\" height=\"580\" src=\"http:\/\/anabelarocha.online\/wp-content\/uploads\/2021\/10\/corrupc3a7c3a3o1.jpg\" alt=\"\" class=\"wp-image-1213\" srcset=\"https:\/\/anabelarocha.online\/wp-content\/uploads\/2021\/10\/corrupc3a7c3a3o1.jpg 828w, https:\/\/anabelarocha.online\/wp-content\/uploads\/2021\/10\/corrupc3a7c3a3o1-300x210.jpg 300w, https:\/\/anabelarocha.online\/wp-content\/uploads\/2021\/10\/corrupc3a7c3a3o1-768x538.jpg 768w\" sizes=\"auto, (max-width: 828px) 100vw, 828px\" \/><\/figure><\/div>\n\n\n\n<h4 class=\"has-text-align-center wp-block-heading\"><strong>Plano de Gest\u00e3o de Riscos de Corrup\u00e7\u00e3o e Infra\u00e7\u00f5es<\/strong><\/h4>\n\n\n\n<p class=\"has-text-align-center\">Reprovado por unanimidade<\/p>\n\n\n\n<div class=\"wp-block-buttons is-content-justification-center is-layout-flex wp-block-buttons-is-layout-flex\">\n<div class=\"wp-block-button is-style-outline is-style-outline--1\"><a class=\"wp-block-button__link\" href=\"http:\/\/anabelarocha.online\/?page_id=1218\">Recomenda\u00e7\u00e3o<\/a><\/div>\n<\/div>\n\n\n\n<div class=\"wp-block-image\"><figure class=\"aligncenter size-full\"><img loading=\"lazy\" decoding=\"async\" width=\"512\" height=\"366\" src=\"https:\/\/anabelarocha.online\/wp-content\/uploads\/2021\/12\/creches-1.jpg\" alt=\"\" class=\"wp-image-1322\" srcset=\"https:\/\/anabelarocha.online\/wp-content\/uploads\/2021\/12\/creches-1.jpg 512w, https:\/\/anabelarocha.online\/wp-content\/uploads\/2021\/12\/creches-1-300x214.jpg 300w\" sizes=\"auto, (max-width: 512px) 100vw, 512px\" \/><\/figure><\/div>\n\n\n\n<h4 class=\"has-text-align-center wp-block-heading\"><strong><a href=\"https:\/\/anabelarocha.online\/?page_id=1331\">Creches, Centros de Dia e Resid\u00eancias Aut\u00f3nomas Municipais<\/a><\/strong><\/h4>\n<\/div>\n\n\n\n<div class=\"wp-block-column is-layout-flow wp-block-column-is-layout-flow\">\n<div class=\"wp-block-image\"><figure class=\"aligncenter size-large\"><img loading=\"lazy\" decoding=\"async\" width=\"1024\" height=\"768\" src=\"https:\/\/anabelarocha.online\/wp-content\/uploads\/2021\/10\/245663617_164632982546850_1295156121872462613_n-1-1024x768.jpg\" alt=\"\" class=\"wp-image-1273\" srcset=\"https:\/\/anabelarocha.online\/wp-content\/uploads\/2021\/10\/245663617_164632982546850_1295156121872462613_n-1-1024x768.jpg 1024w, https:\/\/anabelarocha.online\/wp-content\/uploads\/2021\/10\/245663617_164632982546850_1295156121872462613_n-1-300x225.jpg 300w, https:\/\/anabelarocha.online\/wp-content\/uploads\/2021\/10\/245663617_164632982546850_1295156121872462613_n-1-768x576.jpg 768w, https:\/\/anabelarocha.online\/wp-content\/uploads\/2021\/10\/245663617_164632982546850_1295156121872462613_n-1-1536x1152.jpg 1536w, https:\/\/anabelarocha.online\/wp-content\/uploads\/2021\/10\/245663617_164632982546850_1295156121872462613_n-1.jpg 2048w\" sizes=\"auto, (max-width: 1024px) 100vw, 1024px\" \/><\/figure><\/div>\n\n\n\n<h4 class=\"has-text-align-center wp-block-heading\"><a href=\"https:\/\/anabelarocha.online\/?page_id=1268\">ASA<\/a><\/h4>\n\n\n\n<p class=\"has-text-align-center\">Baixou \u00e0s Comiss\u00f5es<\/p>\n\n\n\n<div class=\"wp-block-buttons is-content-justification-center is-layout-flex wp-block-buttons-is-layout-flex\">\n<div class=\"wp-block-button is-style-outline is-style-outline--2\"><a class=\"wp-block-button__link\" href=\"https:\/\/anabelarocha.online\/?page_id=1268\">Recomenda\u00e7\u00e3o<\/a><\/div>\n<\/div>\n<\/div>\n\n\n\n<div class=\"wp-block-column is-layout-flow wp-block-column-is-layout-flow\">\n<div class=\"wp-block-image\"><figure class=\"aligncenter size-large is-resized\"><img loading=\"lazy\" decoding=\"async\" src=\"https:\/\/anabelarocha.online\/wp-content\/uploads\/2021\/11\/F20TR001-1-1024x683.jpg\" alt=\"\" class=\"wp-image-1301\" width=\"339\" height=\"226\" srcset=\"https:\/\/anabelarocha.online\/wp-content\/uploads\/2021\/11\/F20TR001-1-1024x683.jpg 1024w, https:\/\/anabelarocha.online\/wp-content\/uploads\/2021\/11\/F20TR001-1-300x200.jpg 300w, https:\/\/anabelarocha.online\/wp-content\/uploads\/2021\/11\/F20TR001-1-768x512.jpg 768w, https:\/\/anabelarocha.online\/wp-content\/uploads\/2021\/11\/F20TR001-1.jpg 1068w\" sizes=\"auto, (max-width: 339px) 100vw, 339px\" \/><\/figure><\/div>\n\n\n\n<h4 class=\"has-text-align-center wp-block-heading\"><a href=\"https:\/\/anabelarocha.online\/?page_id=1278\">Transportes Colectivos\/AML<\/a><\/h4>\n\n\n\n<p class=\"has-text-align-center\">Reprovado por unanimidade<\/p>\n\n\n\n<div class=\"wp-block-buttons is-content-justification-center is-layout-flex wp-block-buttons-is-layout-flex\">\n<div class=\"wp-block-button is-style-outline is-style-outline--3\"><a class=\"wp-block-button__link\" href=\"https:\/\/anabelarocha.online\/?page_id=1278\">Recomenda\u00e7\u00e3o<\/a><\/div>\n<\/div>\n\n\n\n<div class=\"wp-block-image\"><figure class=\"aligncenter size-full\"><img loading=\"lazy\" decoding=\"async\" width=\"750\" height=\"370\" src=\"https:\/\/anabelarocha.online\/wp-content\/uploads\/2021\/12\/orcamento-participativo-portugal.jpg\" alt=\"\" class=\"wp-image-1310\" srcset=\"https:\/\/anabelarocha.online\/wp-content\/uploads\/2021\/12\/orcamento-participativo-portugal.jpg 750w, https:\/\/anabelarocha.online\/wp-content\/uploads\/2021\/12\/orcamento-participativo-portugal-300x148.jpg 300w\" sizes=\"auto, (max-width: 750px) 100vw, 750px\" \/><\/figure><\/div>\n\n\n\n<h4 class=\"has-text-align-center wp-block-heading\"><strong><a href=\"https:\/\/anabelarocha.online\/?page_id=1329\">Or\u00e7amento Participativo<\/a><\/strong><\/h4>\n<\/div>\n<\/div>\n<\/div><\/div>\n\n\n\n<div class=\"wp-block-group alignwide is-layout-flow wp-block-group-is-layout-flow\"><div class=\"wp-block-group__inner-container\"><\/div><\/div>\n","protected":false},"excerpt":{"rendered":"<p>Plano de Gest\u00e3o de Riscos de Corrup\u00e7\u00e3o e Infra\u00e7\u00f5es Reprovado por unanimidade Creches, Centros de Dia e Resid\u00eancias Aut\u00f3nomas Municipais ASA Baixou \u00e0s Comiss\u00f5es Transportes Colectivos\/AML Reprovado por unanimidade Or\u00e7amento Participativo<\/p>\n","protected":false},"author":1,"featured_media":0,"parent":0,"menu_order":0,"comment_status":"closed","ping_status":"closed","template":"","meta":{"om_disable_all_campaigns":false,"_monsterinsights_skip_tracking":false,"_monsterinsights_sitenote_active":false,"_monsterinsights_sitenote_note":"","_monsterinsights_sitenote_category":0,"footnotes":""},"class_list":["post-1070","page","type-page","status-publish","hentry"],"_links":{"self":[{"href":"https:\/\/anabelarocha.online\/index.php?rest_route=\/wp\/v2\/pages\/1070","targetHints":{"allow":["GET"]}}],"collection":[{"href":"https:\/\/anabelarocha.online\/index.php?rest_route=\/wp\/v2\/pages"}],"about":[{"href":"https:\/\/anabelarocha.online\/index.php?rest_route=\/wp\/v2\/types\/page"}],"author":[{"embeddable":true,"href":"https:\/\/anabelarocha.online\/index.php?rest_route=\/wp\/v2\/users\/1"}],"replies":[{"embeddable":true,"href":"https:\/\/anabelarocha.online\/index.php?rest_route=%2Fwp%2Fv2%2Fcomments&post=1070"}],"version-history":[{"count":11,"href":"https:\/\/anabelarocha.online\/index.php?rest_route=\/wp\/v2\/pages\/1070\/revisions"}],"predecessor-version":[{"id":1337,"href":"https:\/\/anabelarocha.online\/index.php?rest_route=\/wp\/v2\/pages\/1070\/revisions\/1337"}],"wp:attachment":[{"href":"https:\/\/anabelarocha.online\/index.php?rest_route=%2Fwp%2Fv2%2Fmedia&parent=1070"}],"curies":[{"name":"wp","href":"https:\/\/api.w.org\/{rel}","templated":true}]}}