{"id":1066,"date":"2021-04-12T05:26:23","date_gmt":"2021-04-12T05:26:23","guid":{"rendered":"http:\/\/anabelarocha.online\/?page_id=1066"},"modified":"2021-12-11T17:43:19","modified_gmt":"2021-12-11T17:43:19","slug":"home","status":"publish","type":"page","link":"https:\/\/anabelarocha.online\/","title":{"rendered":"Home"},"content":{"rendered":"\n<div class=\"wp-block-cover alignfull has-background-dim-80 has-background-dim\" style=\"background-color:#1b1f29;min-height:860px;aspect-ratio:unset;\"><img loading=\"lazy\" decoding=\"async\" width=\"1024\" height=\"683\" class=\"wp-block-cover__image-background wp-image-1192\" alt=\"\" src=\"http:\/\/anabelarocha.online\/wp-content\/uploads\/2021\/10\/assembleia-popular.jpg\" data-object-fit=\"cover\" srcset=\"https:\/\/anabelarocha.online\/wp-content\/uploads\/2021\/10\/assembleia-popular.jpg 1024w, https:\/\/anabelarocha.online\/wp-content\/uploads\/2021\/10\/assembleia-popular-300x200.jpg 300w, https:\/\/anabelarocha.online\/wp-content\/uploads\/2021\/10\/assembleia-popular-768x512.jpg 768w\" sizes=\"auto, (max-width: 1024px) 100vw, 1024px\" \/><div class=\"wp-block-cover__inner-container is-layout-flow wp-block-cover-is-layout-flow\">\n<hr class=\"wp-block-separator aligncenter has-text-color has-background has-white-background-color has-white-color\"\/>\n\n\n\n<h1 class=\"alignwide has-text-align-center has-white-color has-text-color wp-block-heading\">Anabela Rocha<\/h1>\n\n\n\n<h3 class=\"alignwide has-text-align-center has-white-color has-text-color wp-block-heading\"><em>Deputada independente<\/em><\/h3>\n\n\n\n<h3 class=\"alignwide has-text-align-center has-white-color has-text-color wp-block-heading\">Assembleia Municipal de Sesimbra<\/h3>\n\n\n\n<div class=\"wp-block-buttons is-content-justification-center is-layout-flex wp-block-buttons-is-layout-flex\">\n<div class=\"wp-block-button is-style-fill\"><a class=\"wp-block-button__link has-text-color has-background\" href=\"anabelarocha.assembleia@gmail.com\" style=\"background-color:#ffffff;color:#1b1f29\">Contactar<\/a><\/div>\n<\/div>\n<\/div><\/div>\n\n\n\n<div class=\"wp-block-group alignwide is-layout-flow wp-block-group-is-layout-flow\"><div class=\"wp-block-group__inner-container\">\n<div class=\"wp-block-media-text alignwide is-stacked-on-mobile is-vertically-aligned-center\" style=\"grid-template-columns:33% auto\"><figure class=\"wp-block-media-text__media\"><img loading=\"lazy\" decoding=\"async\" width=\"311\" height=\"276\" src=\"http:\/\/anabelarocha.online\/wp-content\/uploads\/2021\/10\/foto-minha-flyer-1.jpg\" alt=\"\" class=\"wp-image-1191 size-full\" srcset=\"https:\/\/anabelarocha.online\/wp-content\/uploads\/2021\/10\/foto-minha-flyer-1.jpg 311w, https:\/\/anabelarocha.online\/wp-content\/uploads\/2021\/10\/foto-minha-flyer-1-300x266.jpg 300w\" sizes=\"auto, (max-width: 311px) 100vw, 311px\" \/><\/figure><div class=\"wp-block-media-text__content\">\n<div class=\"wp-block-group is-layout-flow wp-block-group-is-layout-flow\"><div class=\"wp-block-group__inner-container\">\n<h2 class=\"wp-block-heading\">Sobre a Anabela<\/h2>\n\n\n\n<p><strong>Eleita deputada municipal nas elei\u00e7\u00f5es aut\u00e1rquicas de 2021<\/strong><\/p>\n\n\n\n<p>Desde Julho de 2018 administra a p\u00e1gina FB Lagoa de Albufeira, Amar e Cuidar hoje com o t\u00edtulo <a href=\"https:\/\/www.facebook.com\/groups\/241100546724305\">Sesimbra+Democracia+Vida+Transpar\u00eancia+Diversidade+Inova\u00e7\u00e3o<\/a>.<\/p>\n\n\n\n<div class=\"wp-block-buttons is-layout-flex wp-block-buttons-is-layout-flex\">\n<div class=\"wp-block-button\"><a class=\"wp-block-button__link\" href=\"http:\/\/anabelarocha.online\/?page_id=1068\">CV Completo<\/a><\/div>\n<\/div>\n<\/div><\/div>\n<\/div><\/div>\n<\/div><\/div>\n\n\n\n<h2 class=\"has-text-align-center wp-block-heading\"><a href=\"https:\/\/anabelarocha.online\/?page_id=1393\">Proposta de Altera\u00e7\u00e3o ao Regimento<\/a><\/h2>\n\n\n\n<p class=\"has-text-align-center\">18\/10\/2021<\/p>\n\n\n\n<p><\/p>\n\n\n\n<div class=\"wp-block-group alignfull has-background is-layout-flow wp-block-group-is-layout-flow\" style=\"background-color:#f8f9fc\"><div class=\"wp-block-group__inner-container\">\n<h2 class=\"has-text-align-center wp-block-heading\"><a href=\"http:\/\/anabelarocha.online\/?page_id=1198\" title=\"Recomenda\u00e7\u00f5es\">Recomenda\u00e7\u00f5es apresentadas<\/a><\/h2>\n\n\n\n<p class=\"has-text-align-center\"><\/p>\n\n\n\n<div class=\"wp-block-columns alignwide is-layout-flex wp-container-core-columns-is-layout-9d6595d7 wp-block-columns-is-layout-flex\">\n<div class=\"wp-block-column is-layout-flow wp-block-column-is-layout-flow\">\n<div class=\"wp-block-image\"><figure class=\"aligncenter size-full\"><img loading=\"lazy\" decoding=\"async\" width=\"828\" height=\"580\" src=\"http:\/\/anabelarocha.online\/wp-content\/uploads\/2021\/10\/corrupc3a7c3a3o1-1.jpg\" alt=\"\" class=\"wp-image-1224\" srcset=\"https:\/\/anabelarocha.online\/wp-content\/uploads\/2021\/10\/corrupc3a7c3a3o1-1.jpg 828w, https:\/\/anabelarocha.online\/wp-content\/uploads\/2021\/10\/corrupc3a7c3a3o1-1-300x210.jpg 300w, https:\/\/anabelarocha.online\/wp-content\/uploads\/2021\/10\/corrupc3a7c3a3o1-1-768x538.jpg 768w\" sizes=\"auto, (max-width: 828px) 100vw, 828px\" \/><\/figure><\/div>\n\n\n\n<h4 class=\"has-text-align-center wp-block-heading\"><a href=\"http:\/\/anabelarocha.online\/?page_id=1218\" title=\"Actualiza\u00e7\u00e3o do Plano de Gest\u00e3o de Riscos de Corrup\u00e7\u00e3o e Infra\u00e7\u00f5es\">Actualiza\u00e7\u00e3o Plano Riscos Contra a Corrup\u00e7\u00e3o<\/a><\/h4>\n\n\n\n<p class=\"has-text-align-center\">Reprovado por unanimidade<\/p>\n\n\n\n<div class=\"wp-block-image\"><figure class=\"aligncenter size-full\"><img loading=\"lazy\" decoding=\"async\" width=\"512\" height=\"366\" src=\"https:\/\/anabelarocha.online\/wp-content\/uploads\/2021\/12\/creches-1.jpg\" alt=\"\" class=\"wp-image-1322\" srcset=\"https:\/\/anabelarocha.online\/wp-content\/uploads\/2021\/12\/creches-1.jpg 512w, https:\/\/anabelarocha.online\/wp-content\/uploads\/2021\/12\/creches-1-300x214.jpg 300w\" sizes=\"auto, (max-width: 512px) 100vw, 512px\" \/><\/figure><\/div>\n\n\n\n<h4 class=\"has-text-align-center wp-block-heading\"><strong><a href=\"https:\/\/anabelarocha.online\/?page_id=1331\">Creches, Centros de Dia e Resid\u00eancias Aut\u00f3nomas Municipais<\/a><\/strong><\/h4>\n<\/div>\n\n\n\n<div class=\"wp-block-column is-layout-flow wp-block-column-is-layout-flow\">\n<div class=\"wp-block-image\"><figure class=\"aligncenter size-large\"><img loading=\"lazy\" decoding=\"async\" width=\"1024\" height=\"768\" src=\"https:\/\/anabelarocha.online\/wp-content\/uploads\/2021\/10\/245663617_164632982546850_1295156121872462613_n-1024x768.jpg\" alt=\"\" class=\"wp-image-1270\" srcset=\"https:\/\/anabelarocha.online\/wp-content\/uploads\/2021\/10\/245663617_164632982546850_1295156121872462613_n-1024x768.jpg 1024w, https:\/\/anabelarocha.online\/wp-content\/uploads\/2021\/10\/245663617_164632982546850_1295156121872462613_n-300x225.jpg 300w, https:\/\/anabelarocha.online\/wp-content\/uploads\/2021\/10\/245663617_164632982546850_1295156121872462613_n-768x576.jpg 768w, https:\/\/anabelarocha.online\/wp-content\/uploads\/2021\/10\/245663617_164632982546850_1295156121872462613_n-1536x1152.jpg 1536w, https:\/\/anabelarocha.online\/wp-content\/uploads\/2021\/10\/245663617_164632982546850_1295156121872462613_n.jpg 2048w\" sizes=\"auto, (max-width: 1024px) 100vw, 1024px\" \/><\/figure><\/div>\n\n\n\n<h4 class=\"has-text-align-center wp-block-heading\"><a href=\"https:\/\/anabelarocha.online\/?page_id=1268\">ASA<\/a><\/h4>\n\n\n\n<p class=\"has-text-align-center\">Baixou \u00e0s Comiss\u00f5es<\/p>\n<\/div>\n\n\n\n<div class=\"wp-block-column is-layout-flow wp-block-column-is-layout-flow\">\n<div class=\"wp-block-image\"><figure class=\"aligncenter size-large\"><img loading=\"lazy\" decoding=\"async\" width=\"1024\" height=\"683\" src=\"https:\/\/anabelarocha.online\/wp-content\/uploads\/2021\/11\/F20TR001-1024x683.jpg\" alt=\"\" class=\"wp-image-1281\" srcset=\"https:\/\/anabelarocha.online\/wp-content\/uploads\/2021\/11\/F20TR001-1024x683.jpg 1024w, https:\/\/anabelarocha.online\/wp-content\/uploads\/2021\/11\/F20TR001-300x200.jpg 300w, https:\/\/anabelarocha.online\/wp-content\/uploads\/2021\/11\/F20TR001-768x512.jpg 768w, https:\/\/anabelarocha.online\/wp-content\/uploads\/2021\/11\/F20TR001.jpg 1068w\" sizes=\"auto, (max-width: 1024px) 100vw, 1024px\" \/><\/figure><\/div>\n\n\n\n<h4 class=\"has-text-align-center wp-block-heading\"><a href=\"https:\/\/anabelarocha.online\/?page_id=1278\">Transportes Colectivos\/AML<\/a><\/h4>\n\n\n\n<p class=\"has-text-align-center\">Reprovado por unanimidade<\/p>\n\n\n\n<p><\/p>\n\n\n\n<div class=\"wp-block-image\"><figure class=\"aligncenter size-full\"><img loading=\"lazy\" decoding=\"async\" width=\"750\" height=\"370\" src=\"https:\/\/anabelarocha.online\/wp-content\/uploads\/2021\/12\/orcamento-participativo-portugal.jpg\" alt=\"\" class=\"wp-image-1310\" srcset=\"https:\/\/anabelarocha.online\/wp-content\/uploads\/2021\/12\/orcamento-participativo-portugal.jpg 750w, https:\/\/anabelarocha.online\/wp-content\/uploads\/2021\/12\/orcamento-participativo-portugal-300x148.jpg 300w\" sizes=\"auto, (max-width: 750px) 100vw, 750px\" \/><\/figure><\/div>\n\n\n\n<h4 class=\"has-text-align-center wp-block-heading\"><strong><a href=\"https:\/\/anabelarocha.online\/?page_id=1329\">Or\u00e7amento Participativo<\/a><\/strong><\/h4>\n<\/div>\n<\/div>\n\n\n\n<h2 class=\"has-text-align-center wp-block-heading\"><a href=\"http:\/\/anabelarocha.online\/?page_id=1072\" title=\"Requerimentos\">Requerimentos apresentados<\/a><\/h2>\n\n\n\n<figure class=\"wp-block-table\"><table><tbody><tr><td>Nome<\/td><td>Data envio<\/td><td>Data de resposta<\/td><\/tr><tr><td><a href=\"https:\/\/anabelarocha.online\/?page_id=1244\">Servi\u00e7os Camar\u00e1rios<\/a><\/td><td>18-10-21<\/td><td>11-11-21 Ao lado<\/td><\/tr><tr><td><a href=\"https:\/\/anabelarocha.online\/?page_id=1258\">Transportes AML<\/a><\/td><td>20-10-21<\/td><td>03-11-21 incompleta<\/td><\/tr><tr><td><a href=\"https:\/\/anabelarocha.online\/?page_id=1290\">Aus\u00eancia de subdelega\u00e7\u00e3o compet\u00eancias Fel\u00edcia Costa e Miguel Fernandes<\/a><\/td><td>28-10-21<\/td><td>29-11-21 Fica assim, veremos se s\u00e3o suficientes as compet\u00eancias delegadas<\/td><\/tr><tr><td>Obras Boa \u00c1gua<\/td><td>01-11-21<\/td><td>11-11-21 Feitas<\/td><\/tr><tr><td>Cave Alameda S\u00e3o Pedro<\/td><td>10-11-21<\/td><td>30-11-21 embargo (sem data, ordens e prazo de cumprimento)<br><\/td><\/tr><tr><td><a href=\"https:\/\/anabelarocha.online\/?page_id=1292\">Processos Urban\u00edsticos<\/a><\/td><td>10-11-21<\/td><td><br><\/td><\/tr><tr><td><a href=\"https:\/\/anabelarocha.online\/?page_id=1295\">Estrat\u00e9gia Local de Habita\u00e7\u00e3o<\/a> (Doc Reuni\u00e3o C\u00e2mara)<\/td><td>10-11-21<\/td><td>18-11-21<\/td><\/tr><tr><td>Auditorias (Doc Reuni\u00e3o C\u00e2mara)<\/td><td>10-11-21<\/td><td>23-11-21<br><\/td><\/tr><tr><td>Auto de Elimina\u00e7\u00e3o (Doc Reuni\u00e3o C\u00e2mara)<\/td><td>10-11-21<\/td><td>23-11-21<br><\/td><\/tr><tr><td>DECAPE e TUA Etosoto (Doc Reuni\u00e3o C\u00e2mara)<\/td><td>10-11-21<\/td><td>19-11-21<\/td><\/tr><\/tbody><\/table><figcaption><br><br><\/figcaption><\/figure>\n\n\n\n<figure class=\"wp-block-table\"><table><tbody><tr><td><a href=\"https:\/\/anabelarocha.online\/?page_id=1342\">Processos Urban\u00edsticos<\/a><\/td><td>22-11-21<\/td><td><br><\/td><\/tr><tr><td><a href=\"https:\/\/anabelarocha.online\/?page_id=1357\">Contrato SPI &#8211; ELH<\/a><\/td><td>22-11-21<\/td><td><br><\/td><\/tr><tr><td><a href=\"https:\/\/anabelarocha.online\/?page_id=1345\">Efim\u00f3veis, Cotovia Parque<\/a><\/td><td>22-11-21<\/td><td><br><\/td><\/tr><tr><td><a href=\"https:\/\/anabelarocha.online\/?page_id=1350\">Bloco da Mata 15 propriet\u00e1rios e fundos<\/a><\/td><td>23-11-21<\/td><td><br><\/td><\/tr><tr><td><a href=\"https:\/\/anabelarocha.online\/?page_id=1364\">Trazer Comiss\u00e3o AML \u00e0 Assembleia<\/a><\/td><td>25-11-21<\/td><td>30-11-21 N\u00e3o<\/td><\/tr><tr><td><a href=\"https:\/\/anabelarocha.online\/?page_id=1368\">Cave Alam S. Pedro, condi\u00e7\u00f5es embargo<\/a><\/td><td>02-12-21<\/td><td><br><\/td><\/tr><tr><td><a href=\"https:\/\/anabelarocha.online\/?page_id=1371\">Relat\u00f3rios e contratos APCER<\/a><\/td><td>03-12-21<\/td><td><br><\/td><\/tr><tr><td><a href=\"https:\/\/anabelarocha.online\/?page_id=1374\">Actas Cons. Aval e Rel\/Planos dos dirigentes, Despacho 175\/2019<\/a><\/td><td>03-12-21<\/td><td><br><\/td><\/tr><tr><td><a href=\"https:\/\/anabelarocha.online\/?page_id=1377\">Acta e relat\u00f3rio da visita do Conselho de Preven\u00e7\u00e3o da Corrup\u00e7\u00e3o<\/a><\/td><td>03-12-21<\/td><td><br><\/td><\/tr><tr><td><a href=\"https:\/\/anabelarocha.online\/?page_id=1377\">Relat auditorias IGF<\/a><\/td><td>03-12-21<\/td><td><br><\/td><\/tr><tr><td><a href=\"https:\/\/anabelarocha.online\/?page_id=1381\">Relats Coord AUGI<\/a><\/td><td>07-12-21<\/td><td><br><\/td><\/tr><tr><td><a href=\"https:\/\/anabelarocha.online\/?page_id=1384\">Relats Coord PDM e evol REN<\/a><\/td><td>07-12-21<\/td><td><br><\/td><\/tr><tr><td><a href=\"https:\/\/anabelarocha.online\/?page_id=1387\">Contratos com particulares<\/a><\/td><td>07-12-21<\/td><td><br><\/td><\/tr><tr><td><a href=\"https:\/\/anabelarocha.online\/?page_id=1361\">Reun Ord AM Dezembro<\/a><\/td><td>10-12-21<\/td><td><br><\/td><\/tr><\/tbody><\/table><\/figure>\n<\/div><\/div>\n\n\n\n<h2 class=\"wp-block-heading\"><em>Discurso de posse<\/em><\/h2>\n\n\n\n<p>Assumimos particulares responsabilidades pol\u00edticas em tempos muito dif\u00edceis. A crise permanente anunciada h\u00e1 muito nos livros de filosofia como caracter\u00edstica da contemporaneidade torna-se agora cada vez mais vis\u00edvel em todos os quotidianos. A emerg\u00eancia clim\u00e1tica e ambiental, resultante dum modo de produ\u00e7\u00e3o capitalista neoliberal e extractivista, bate \u00e0 porta de todas e todos, como mostrou \u00e0 saciedade a recente crise pand\u00e9mica, da qual temos agora tr\u00e9guas, n\u00e3o sabemos se definitivas ou tempor\u00e1rias.<\/p>\n\n\n\n<p>Soma-se a esta poss\u00edvel crise a crise energ\u00e9tica, a crise em alguns bens de consumo, a crise log\u00edstica e nos transportes e at\u00e9, com sinais cada vez mais \u00f3bvios, a crise s\u00edsmica, provavelmente a \u00fanica na qual n\u00e3o temos responsabilidades na sua emerg\u00eancia mas teremos na mitiga\u00e7\u00e3o das suas consequ\u00eancias. Os desequil\u00edbrios globais e naturais nos quais alicer\u00e7amos o nosso estilo de vida s\u00e3o tais e atingiram semelhante ponto de n\u00e3o retorno que tudo indica mais crises haver\u00e3o.<\/p>\n\n\n\n<p>Estas crises surgem num ambiente de crescente desigualdade social em que, embora produzamos mais do que nunca, os rendimentos do trabalho decrescem, as condi\u00e7\u00f5es do trabalho precarizam-se, e os servi\u00e7os p\u00fablicos, parte fundamental do sal\u00e1rio, est\u00e3o exauridos de recursos.<\/p>\n\n\n\n<p>Surgem tamb\u00e9m num ambiente medi\u00e1tico que descobriu como capitalizar o justo ressentimento de muitas e muitos, vivendo da promo\u00e7\u00e3o do \u00f3dio, da pol\u00e9mica superficial e radicalizada, dum esp\u00edrito anti-cient\u00edfico.<\/p>\n\n\n\n<p>Por outro lado as respostas pol\u00edticas mais comuns a esta primeira crise mais \u00f3bvia, a pand\u00e9mica, n\u00e3o foram animadoras: os estados de emerg\u00eancia, o unanimismo salv\u00edfico em procura de D. Sebasti\u00f5es com ou sem farda, a censura da pluralidade de opini\u00f5es apelidando tudo o que sai do discurso \u00fanico de negacionismo, tudo isto empobrece a democracia.<\/p>\n\n\n\n<p>Em Portugal as condi\u00e7\u00f5es econ\u00f3micas e pol\u00edticas tornam o quadro ainda mais negro. Somos ref\u00e9ns duma d\u00edvida p\u00fablica diminu\u00edvel apenas \u00e0 custa das mais altas taxas de imposto directas e indirectas j\u00e1 praticadas em democracia, d\u00edvida p\u00fablica resultante, por um lado, de regras do euro para o d\u00e9fice que se revelaram aplicar apenas aos pa\u00edses mais pobres da UE, e tamb\u00e9m, por outro lado, da falta de coragem pol\u00edtica em enfrentar os desmandos dum sistema banc\u00e1rio que vive sistematicamente acima das suas possibilidades. Para disfar\u00e7ar a impagabilidade desta d\u00edvida vivemos portanto uma austeridade tamb\u00e9m ela disfar\u00e7ada.<\/p>\n\n\n\n<p>Enquanto n\u00e3o tivermos uma oposi\u00e7\u00e3o que agarre de frente os cornos deste touro n\u00e3o faremos mais do que alternar entre Governos que defendem exactamente o mesmo, as ditas \u201ccontas certas\u201d para pagar o d\u00e9fice e or\u00e7amentos em que nos conformamos com 10 euros a mais para as pens\u00f5es de mis\u00e9ria que quase todas e todos t\u00eam, ou outros pequenos paliativos para a pobreza onde vivem quase 2 milh\u00f5es dos que trabalham ou trabalharam. N\u00e3o admira portanto que ganhem express\u00e3o for\u00e7as pol\u00edticas anti-democr\u00e1ticas alicer\u00e7adas unicamente no protesto e no \u00f3dio.<\/p>\n\n\n\n<p>Perante esta falta de coragem pol\u00edtica de todas as oposi\u00e7\u00f5es, o polvo das redes de influ\u00eancia que sustentam o Governo cresce e instrumentaliza todos os poderes, justi\u00e7a inclu\u00edda. De facto, a forma despudorada e infame como Costa andou nesta campanha a dizer que os munic\u00edpios que votassem PS teriam favorecimento nos fundos europeus \u00e9 apenas a visibiliza\u00e7\u00e3o duma estrat\u00e9gia j\u00e1 existente: uma falsa regionaliza\u00e7\u00e3o que deu \u00e0s CCDRs o poder de distribuir esses fundos, alicer\u00e7adas, ainda por cima, numa vis\u00e3o pouco discutida da sua aplica\u00e7\u00e3o, assim como da aplica\u00e7\u00e3o do PRR. Um sinal de como todo este dinheiro est\u00e1 concebido para chegar aos mesmos do costume \u00e9 dado mesmo aqui, quando o executivo se prop\u00f5e comprar edif\u00edcios a privados na Estrat\u00e9gia Local de Habita\u00e7\u00e3o, para os compensar de preju\u00edzos em que a C\u00e2mara n\u00e3o tem qualquer responsabilidade, argumentando que n\u00e3o tem tempo de os construir nos prazos determinados.<\/p>\n\n\n\n<p>Os grandes interesses imobili\u00e1rios, os grandes interesses da ind\u00fastria alicer\u00e7ada nos combust\u00edveis f\u00f3sseis, e os da agricultura e pecu\u00e1ria intensiva, continuam assim sem ser beliscados, \u00e0 custa do ambiente e da factura clim\u00e1tica, que muitos insistem ainda em negar.<\/p>\n\n\n\n<p>Da\u00ed que quando um amigo meu insistentemente me perguntava \u201ca quem te vais encostar\u201d, eu insistentemente respondia: a ningu\u00e9m. Mas pensando na ambiguidade da palavra \u201cencosto\u201d, e na forma como em muitas religi\u00f5es representa a influ\u00eancia dos mortos, pensei que tenho sim uma grande linhagem onde me posso encostar: a linhagem das mulheres maduras, conhecedoras e respeitadoras da natureza e da vida espiritual, servidoras dos seus povos, em especial dos que passam por prova\u00e7\u00f5es, essas mulheres s\u00e1bias que foram apelidadas de bruxas na Idade M\u00e9dia e em rela\u00e7\u00e3o a quem os poderes patriarcais n\u00e3o descansaram enquanto n\u00e3o espoliaram de todo o conhecimento e lhes vedaram o acesso a ele. Pois as bruxas est\u00e3o de volta, representadas em in\u00fameras mulheres de vis\u00e3o e de miss\u00e3o, ainda e muitas vezes em luta contra estruturas patriarcais que as temem e lhes vedam carreiras, mas n\u00e3o o amor do povo e o respeito dos seus conterr\u00e2neos. \u00c9 a essa linhagem que humildemente me encosto.<\/p>\n\n\n\n<p>E por falar em mulheres de dedica\u00e7\u00e3o \u00e0 pol\u00edtica e que atrav\u00e9s dela ganharam o respeito e a admira\u00e7\u00e3o dos seus conterr\u00e2neos, n\u00e3o gostaria de terminar sem o meu reconhecimento \u00e0 Dra Odete Gra\u00e7a, que embora com convi\u00e7\u00f5es pol\u00edticas e procedimentais diferentes das minhas, deu grande dignidade a esta casa e abriu a outras mulheres a possibilidade de serem igualmente ouvidas e respeitadas. Lamento apenas que, uma vez mais, uma mulher com uma carreira pol\u00edtica t\u00e3o longa e rica, n\u00e3o tenha nunca sido candidata \u00e0 C\u00e2mara Municipal.<\/p>\n\n\n\n<p>Termino desejando que todos estejamos \u00e0 altura de tempos t\u00e3o conturbados, que saibamos planear e executar um futuro mais justo e mais sustent\u00e1vel, democr\u00e1tico e progressista. Obrigada<\/p>\n","protected":false},"excerpt":{"rendered":"<p>Sobre a Anabela Eleita deputada municipal nas elei\u00e7\u00f5es aut\u00e1rquicas de 2021 Desde Julho de 2018 administra a p\u00e1gina FB Lagoa de Albufeira, Amar e Cuidar hoje com o t\u00edtulo Sesimbra+Democracia+Vida+Transpar\u00eancia+Diversidade+Inova\u00e7\u00e3o. Proposta de Altera\u00e7\u00e3o ao Regimento 18\/10\/2021 Recomenda\u00e7\u00f5es apresentadas Actualiza\u00e7\u00e3o Plano Riscos Contra a Corrup\u00e7\u00e3o Reprovado por unanimidade Creches, Centros de Dia e Resid\u00eancias Aut\u00f3nomas Municipais &hellip;<\/p>\n<p class=\"read-more\"> <a class=\"\" href=\"https:\/\/anabelarocha.online\/\"> <span class=\"screen-reader-text\">Home<\/span> Read More &raquo;<\/a><\/p>\n","protected":false},"author":1,"featured_media":0,"parent":0,"menu_order":0,"comment_status":"closed","ping_status":"closed","template":"","meta":{"om_disable_all_campaigns":false,"_monsterinsights_skip_tracking":false,"_monsterinsights_sitenote_active":false,"_monsterinsights_sitenote_note":"","_monsterinsights_sitenote_category":0,"footnotes":""},"class_list":["post-1066","page","type-page","status-publish","hentry"],"_links":{"self":[{"href":"https:\/\/anabelarocha.online\/index.php?rest_route=\/wp\/v2\/pages\/1066","targetHints":{"allow":["GET"]}}],"collection":[{"href":"https:\/\/anabelarocha.online\/index.php?rest_route=\/wp\/v2\/pages"}],"about":[{"href":"https:\/\/anabelarocha.online\/index.php?rest_route=\/wp\/v2\/types\/page"}],"author":[{"embeddable":true,"href":"https:\/\/anabelarocha.online\/index.php?rest_route=\/wp\/v2\/users\/1"}],"replies":[{"embeddable":true,"href":"https:\/\/anabelarocha.online\/index.php?rest_route=%2Fwp%2Fv2%2Fcomments&post=1066"}],"version-history":[{"count":56,"href":"https:\/\/anabelarocha.online\/index.php?rest_route=\/wp\/v2\/pages\/1066\/revisions"}],"predecessor-version":[{"id":1395,"href":"https:\/\/anabelarocha.online\/index.php?rest_route=\/wp\/v2\/pages\/1066\/revisions\/1395"}],"wp:attachment":[{"href":"https:\/\/anabelarocha.online\/index.php?rest_route=%2Fwp%2Fv2%2Fmedia&parent=1066"}],"curies":[{"name":"wp","href":"https:\/\/api.w.org\/{rel}","templated":true}]}}